{"id":4040,"date":"2025-10-20T15:41:54","date_gmt":"2025-10-20T13:41:54","guid":{"rendered":"https:\/\/www.arleblanc.com\/les-services\/le-bien-etre\/"},"modified":"2026-03-24T16:22:34","modified_gmt":"2026-03-24T15:22:34","slug":"wellness","status":"publish","type":"page","link":"https:\/\/www.arleblanc.com\/de\/servicebereich\/wellness\/","title":{"rendered":"Wellness"},"content":{"rendered":"<div class=\"fusion-fullwidth fullwidth-box fusion-builder-row-1 fusion-flex-container has-pattern-background has-mask-background nonhundred-percent-fullwidth non-hundred-percent-height-scrolling\" style=\"--awb-border-radius-top-left:0px;--awb-border-radius-top-right:0px;--awb-border-radius-bottom-right:0px;--awb-border-radius-bottom-left:0px;--awb-flex-wrap:wrap;\" ><div class=\"fusion-builder-row fusion-row fusion-flex-align-items-center fusion-flex-content-wrap\" style=\"max-width:1456px;margin-left: calc(-4% \/ 2 );margin-right: calc(-4% \/ 2 );\"><div class=\"fusion-layout-column fusion_builder_column fusion-builder-column-0 fusion_builder_column_1_1 1_1 fusion-flex-column\" style=\"--awb-bg-size:cover;--awb-width-large:100%;--awb-margin-top-large:0px;--awb-spacing-right-large:1.92%;--awb-margin-bottom-large:30px;--awb-spacing-left-large:1.92%;--awb-width-medium:100%;--awb-order-medium:0;--awb-spacing-right-medium:1.92%;--awb-spacing-left-medium:1.92%;--awb-width-small:100%;--awb-order-small:0;--awb-spacing-right-small:1.92%;--awb-spacing-left-small:1.92%;\" data-scroll-devices=\"small-visibility,medium-visibility,large-visibility\"><div class=\"fusion-column-wrapper fusion-column-has-shadow fusion-flex-justify-content-flex-start fusion-content-layout-column\"><div class=\"fusion-text fusion-text-1\"><p>Nehmen Sie sich im Urlaub bewusst Zeit f\u00fcr sich selbst \u2013 auf dem 4-Sterne-Campingplatz Domaine Arleblanc steht Ihr Wohlbefinden im Mittelpunkt.<\/p>\n<p>Wir bieten Ihnen ein umfassendes Wellnesspaket, das Sie sanft aus dem Alltag entf\u00fchrt.<\/p>\n<\/div><\/div><\/div><div class=\"fusion-layout-column fusion_builder_column fusion-builder-column-1 fusion_builder_column_2_5 2_5 fusion-flex-column\" style=\"--awb-bg-size:cover;--awb-width-large:40%;--awb-margin-top-large:0px;--awb-spacing-right-large:4.8%;--awb-margin-bottom-large:20px;--awb-spacing-left-large:4.8%;--awb-width-medium:100%;--awb-order-medium:0;--awb-spacing-right-medium:1.92%;--awb-spacing-left-medium:1.92%;--awb-width-small:100%;--awb-order-small:0;--awb-spacing-right-small:1.92%;--awb-spacing-left-small:1.92%;\"><div class=\"fusion-column-wrapper fusion-column-has-shadow fusion-flex-justify-content-flex-start fusion-content-layout-column\"><div class=\"fusion-image-element \" style=\"text-align:center;--awb-caption-title-font-family:var(--h2_typography-font-family);--awb-caption-title-font-weight:var(--h2_typography-font-weight);--awb-caption-title-font-style:var(--h2_typography-font-style);--awb-caption-title-size:var(--h2_typography-font-size);--awb-caption-title-transform:var(--h2_typography-text-transform);--awb-caption-title-line-height:var(--h2_typography-line-height);--awb-caption-title-letter-spacing:var(--h2_typography-letter-spacing);\"><span class=\" fusion-imageframe imageframe-none imageframe-1 hover-type-none\"><img decoding=\"async\" width=\"450\" height=\"330\" alt=\"Bien-\u00eatre\" title=\"Bien-\u00eatre\" src=\"data:image\/svg+xml,%3Csvg%20xmlns%3D%27http%3A%2F%2Fwww.w3.org%2F2000%2Fsvg%27%20width%3D%27936%27%20height%3D%27528%27%20viewBox%3D%270%200%20936%20528%27%3E%3Crect%20width%3D%27936%27%20height%3D%27528%27%20fill-opacity%3D%220%22%2F%3E%3C%2Fsvg%3E\" data-orig-src=\"https:\/\/www.arleblanc.com\/wp-content\/uploads\/bien-etre-450x330.jpg\" class=\"lazyload img-responsive wp-image-4041\"\/><\/span><\/div><\/div><\/div><div class=\"fusion-layout-column fusion_builder_column fusion-builder-column-2 fusion_builder_column_3_5 3_5 fusion-flex-column\" style=\"--awb-bg-size:cover;--awb-width-large:60%;--awb-margin-top-large:0px;--awb-spacing-right-large:3.2%;--awb-margin-bottom-large:20px;--awb-spacing-left-large:3.2%;--awb-width-medium:100%;--awb-order-medium:0;--awb-spacing-right-medium:1.92%;--awb-spacing-left-medium:1.92%;--awb-width-small:100%;--awb-order-small:0;--awb-spacing-right-small:1.92%;--awb-spacing-left-small:1.92%;\"><div class=\"fusion-column-wrapper fusion-column-has-shadow fusion-flex-justify-content-flex-start fusion-content-layout-column\"><div class=\"fusion-text fusion-text-2\"><p>G\u00f6nnen Sie sich professionelle Entspannungs- und Verw\u00f6hnmomente: W\u00e4hlen Sie zwischen wohltuenden oder belebenden Massagen, professionellen Gesichts- oder K\u00f6rperbehandlungen.<\/p>\n<p>Ein Osteopath steht Ihnen nach Vereinbarung zur Verf\u00fcgung, um Verspannungen zu l\u00f6sen. Vom 15. Juni bis zum 11. September 2026, montags und mittwochs von 15:00 bis 19:30 Uhr nach Vereinbarung.<\/p>\n<p>Ab 2026 begr\u00fc\u00dft Sie zus\u00e4tzlich ein professioneller Friseur vor Ort f\u00fcr ein rundum gelungenes Erlebnis.<\/p>\n<p>Ob pure Verw\u00f6hnung, tiefe Entspannung oder einfach Zeit f\u00fcr sich selbst \u2013 unser Wellnessbereich im Herzen des Campingplatzes ist ganz auf Ihr Wohlbefinden ausgerichtet!<\/p>\n<\/div><\/div><\/div><\/div><\/div>\n","protected":false},"excerpt":{"rendered":"","protected":false},"author":1,"featured_media":4041,"parent":4029,"menu_order":0,"comment_status":"closed","ping_status":"closed","template":"","meta":{"_acf_changed":false,"footnotes":""},"class_list":["post-4040","page","type-page","status-publish","has-post-thumbnail","hentry"],"acf":[],"_links":{"self":[{"href":"https:\/\/www.arleblanc.com\/de\/wp-json\/wp\/v2\/pages\/4040","targetHints":{"allow":["GET"]}}],"collection":[{"href":"https:\/\/www.arleblanc.com\/de\/wp-json\/wp\/v2\/pages"}],"about":[{"href":"https:\/\/www.arleblanc.com\/de\/wp-json\/wp\/v2\/types\/page"}],"author":[{"embeddable":true,"href":"https:\/\/www.arleblanc.com\/de\/wp-json\/wp\/v2\/users\/1"}],"replies":[{"embeddable":true,"href":"https:\/\/www.arleblanc.com\/de\/wp-json\/wp\/v2\/comments?post=4040"}],"version-history":[{"count":3,"href":"https:\/\/www.arleblanc.com\/de\/wp-json\/wp\/v2\/pages\/4040\/revisions"}],"predecessor-version":[{"id":7762,"href":"https:\/\/www.arleblanc.com\/de\/wp-json\/wp\/v2\/pages\/4040\/revisions\/7762"}],"up":[{"embeddable":true,"href":"https:\/\/www.arleblanc.com\/de\/wp-json\/wp\/v2\/pages\/4029"}],"wp:featuredmedia":[{"embeddable":true,"href":"https:\/\/www.arleblanc.com\/de\/wp-json\/wp\/v2\/media\/4041"}],"wp:attachment":[{"href":"https:\/\/www.arleblanc.com\/de\/wp-json\/wp\/v2\/media?parent=4040"}],"curies":[{"name":"wp","href":"https:\/\/api.w.org\/{rel}","templated":true}]}}