{"id":4050,"date":"2025-10-17T15:18:15","date_gmt":"2025-10-17T13:18:15","guid":{"rendered":"https:\/\/www.arleblanc.com\/les-joies-de-la-baignade\/"},"modified":"2025-11-21T09:20:03","modified_gmt":"2025-11-21T08:20:03","slug":"schwimmspass-und-naturerlebnis","status":"publish","type":"page","link":"https:\/\/www.arleblanc.com\/de\/schwimmspass-und-naturerlebnis\/","title":{"rendered":"Schwimmspa\u00df und Naturerlebnis"},"content":{"rendered":"<div class=\"fusion-fullwidth fullwidth-box fusion-builder-row-1 fusion-flex-container has-pattern-background has-mask-background nonhundred-percent-fullwidth non-hundred-percent-height-scrolling\" style=\"--awb-border-radius-top-left:0px;--awb-border-radius-top-right:0px;--awb-border-radius-bottom-right:0px;--awb-border-radius-bottom-left:0px;--awb-flex-wrap:wrap;\" ><div class=\"fusion-builder-row fusion-row fusion-flex-align-items-center fusion-flex-content-wrap\" style=\"max-width:1456px;margin-left: calc(-4% \/ 2 );margin-right: calc(-4% \/ 2 );\"><div class=\"fusion-layout-column fusion_builder_column fusion-builder-column-0 fusion_builder_column_2_5 2_5 fusion-flex-column\" style=\"--awb-bg-size:cover;--awb-width-large:40%;--awb-margin-top-large:0px;--awb-spacing-right-large:4.8%;--awb-margin-bottom-large:20px;--awb-spacing-left-large:4.8%;--awb-width-medium:100%;--awb-order-medium:0;--awb-spacing-right-medium:1.92%;--awb-spacing-left-medium:1.92%;--awb-width-small:100%;--awb-order-small:0;--awb-spacing-right-small:1.92%;--awb-spacing-left-small:1.92%;\"><div class=\"fusion-column-wrapper fusion-column-has-shadow fusion-flex-justify-content-flex-start fusion-content-layout-column\"><div class=\"fusion-text fusion-text-1\"><p>Verbringen Sie auf Camping Arleblanc in der Ard\u00e8che einen unvergesslichen Urlaub, der ganz im Zeichen des Wasserspa\u00dfes steht. Wir bieten abwechslungsreiche Erlebnisse f\u00fcr die gesamte Familie: Ob im aufregenden Poolbereich mit Rutschen oder direkt am Fluss La Beaume mit seinen exklusiven Privatstr\u00e4nden.<\/p>\n<p>Unser Wasserpark ist ein wahres Paradies, das Wasser Sportbegeisterte mit einem erfrischenden Pool, einem Wasserspielplatz und vier spannenden Rutschen zu stundenlangen Badespa\u00df einl\u00e4dt. Zur Entspannung k\u00f6nnen Sie sich auf unseren Sonnenterrassen erholen oder im Schatten unserer Strohschirme die Seele baumeln lassen.<\/p>\n<p>Der Fluss La Beaume, ein klarer Nebenfluss der Ard\u00e8che, ist ideal, um sich an warmen Sommertagen nat\u00fcrlich abzuk\u00fchlen. Als unser Gast genie\u00dfen Sie den Vorteil exklusiven Zugangs zu unseren Privat Str\u00e4nden, darunter auch ein separater Kinderstrand. Dieses kleine Paradies f\u00fcr Abenteurer bietet flaches, klares Wasser, das von drei nat\u00fcrlichen Quellen gespeist wird, und feinen Sand. So wird die Zeit am Wasser f\u00fcr die Kinder sicher unvergesslich und sicher.<\/p>\n<\/div><\/div><\/div><div class=\"fusion-layout-column fusion_builder_column fusion-builder-column-1 fusion_builder_column_3_5 3_5 fusion-flex-column\" style=\"--awb-bg-size:cover;--awb-width-large:60%;--awb-margin-top-large:0px;--awb-spacing-right-large:3.2%;--awb-margin-bottom-large:20px;--awb-spacing-left-large:3.2%;--awb-width-medium:100%;--awb-order-medium:0;--awb-spacing-right-medium:1.92%;--awb-spacing-left-medium:1.92%;--awb-width-small:100%;--awb-order-small:0;--awb-spacing-right-small:1.92%;--awb-spacing-left-small:1.92%;\"><div class=\"fusion-column-wrapper fusion-column-has-shadow fusion-flex-justify-content-flex-start fusion-content-layout-column\">        \n        <style>\t\t\n\t\t#childs { display:flex !important; flex-wrap: wrap; justify-content: center; text-align:center }\n\t\t#childs article { margin:10px; float:none; position:relative; box-shadow: 0 0 11px rgba(0,0,0,0.25); background-color:#fff; min-height:300px !important }\n\t\t#childs a { display:block; position:relative; width:100%; height:100%; background-size:cover !important; background-position:bottom center !important }\n\t\t#childs span.h2 { line-height:1.1em; min-height:45px; padding:6px 8px; font-weight:normal; text-transform:uppercase; position:absolute; top:0; left:0; background-color: rgba(0,0,0,0.5); width:100%; height:fit-content; display:flex; font-size: 15px; color:#fff; flex-direction: column; flex-wrap: wrap; justify-content: center; transition:0.3s }\n\t\t#childs span.h2 span { display:block; font-size:1.1em; font-weight:bold; text-transform:none }\n\t\t#childs .page-enfant span.h2 { top:auto; bottom:0px }\n\t\t#childs article.fusion-post-grid { width:330px }\n\t\t.child-extrait { position:absolute; bottom:0px; right:0px; padding:0; z-index:1; display:flex; align-items: center; justify-content: center; pointer-events: none; width:100% }\n\t\t.child-extrait i { font-size:33px; position:relative; top:0px; left:0px; margin-left:5px !important; padding:2px 0 }\t\t\n\t\t.child-extrait i.picto-chambre  { top:-6px; left:2px }\n\t\t.child-extrait i.picto-personne { left:-4px }\n\t\t.child-extrait span { background-color:rgba(255,255,255,0.85); color:var(--cl-bleu); border-radius:5px; margin:5px 5px 10px 5px; padding:3px 10px; display:flex; justify-content: center; align-items: center; box-shadow:0 0 6px rgba(0,0,0,0.6); min-height:43px; transition:0.3s }\n\t\t\n\t\t#childs article .prixmini { position:absolute; right:-8px; bottom:75px; width:fit-content; color:#fff; font-size:15px; padding:4px 14px 6px 14px; line-height:1.4em; text-align:center; z-index:10; transition:0.5s }\n\t\t#childs article .prixmini:after { content:\"\"; position:absolute; top:0; left:0; background-color:#f00; display:block; z-index:-1; width:100%; height:100%; box-shadow:2px 2px 4px rgba(0,0,0,0.2) }\n\t\t#childs article:hover .prixmini { bottom:85px }\t\t\n\t\t#childs article .prixmini span { font-size:25px; display:block; font-weight:bold }\n\t\t#childs article.type-emplacement .prixmini:after { background-color:var(--cl-vert) }\n\t\t#childs article.type-mobil-home .prixmini:after { background-color:var(--cl-bleu) }\n\t\t#childs article.type-gite .prixmini:after { background-color:var(--cl-rose) }\t\t\n\t\t#childs article:hover .child-extrait span { background-color:#fff }\n\t\t#childs article:hover span.h2 { background-color: rgba(0,0,0,0.6) }\n\t\t\n\t\t.page-liste-mobil-homes #childs article { min-height:180px !important } \/* hauteur pages de liste *\/\n\t\t.page-enfant span.h2 {}\n        <\/style>\n                \n        <div id=\"childs\" class=\"fusion-posts-container fusion-posts-container-no \">\n\t\t\t\t\t\t\t\t\t<article id=\"post-4151\" class=\"page-enfant fusion-post-grid post-4151\"  style=\"order:\">\t\t\t\t\n\t\t\t\t\t\t\t<a class=\"\" style=\"background:url(https:\/\/www.arleblanc.com\/wp-content\/uploads\/bord-de-riviere-800x533.jpg)\" href=\"https:\/\/www.arleblanc.com\/de\/schwimmspass-und-naturerlebnis\/direkt-am-fluss-gelegen\/\" title=\"Direkt am Fluss gelegen\">\n\t\t\t\t\t\t\t\t<span class=\"h2\">Direkt am Fluss gelegen<\/span>\n\t\t\t\t\t\t\t<\/a>\n\t\t\t\t\t\t<\/article>\t\t\t\t\t\t\t\n\t\t\t\t\t\t\t\t\t\t\t<article id=\"post-4157\" class=\"page-enfant fusion-post-grid post-4157\"  style=\"order:\">\t\t\t\t\n\t\t\t\t\t\t\t<a class=\"\" style=\"background:url(https:\/\/www.arleblanc.com\/wp-content\/uploads\/toboggans-1-800x530.jpg)\" href=\"https:\/\/www.arleblanc.com\/de\/schwimmspass-und-naturerlebnis\/unser-wasserpark\/\" title=\"Unser Wasserpark\">\n\t\t\t\t\t\t\t\t<span class=\"h2\">Unser Wasserpark<\/span>\n\t\t\t\t\t\t\t<\/a>\n\t\t\t\t\t\t<\/article>\t\t\t\t\t\t\t\n\t\t\t\t\t        <\/div>\n\t\t<\/div><\/div><\/div><\/div>\n","protected":false},"excerpt":{"rendered":"","protected":false},"author":1,"featured_media":0,"parent":0,"menu_order":0,"comment_status":"closed","ping_status":"closed","template":"","meta":{"_acf_changed":false,"footnotes":""},"class_list":["post-4050","page","type-page","status-publish","hentry"],"acf":[],"_links":{"self":[{"href":"https:\/\/www.arleblanc.com\/de\/wp-json\/wp\/v2\/pages\/4050","targetHints":{"allow":["GET"]}}],"collection":[{"href":"https:\/\/www.arleblanc.com\/de\/wp-json\/wp\/v2\/pages"}],"about":[{"href":"https:\/\/www.arleblanc.com\/de\/wp-json\/wp\/v2\/types\/page"}],"author":[{"embeddable":true,"href":"https:\/\/www.arleblanc.com\/de\/wp-json\/wp\/v2\/users\/1"}],"replies":[{"embeddable":true,"href":"https:\/\/www.arleblanc.com\/de\/wp-json\/wp\/v2\/comments?post=4050"}],"version-history":[{"count":2,"href":"https:\/\/www.arleblanc.com\/de\/wp-json\/wp\/v2\/pages\/4050\/revisions"}],"predecessor-version":[{"id":5536,"href":"https:\/\/www.arleblanc.com\/de\/wp-json\/wp\/v2\/pages\/4050\/revisions\/5536"}],"wp:attachment":[{"href":"https:\/\/www.arleblanc.com\/de\/wp-json\/wp\/v2\/media?parent=4050"}],"curies":[{"name":"wp","href":"https:\/\/api.w.org\/{rel}","templated":true}]}}