{"id":4089,"date":"2025-06-05T15:28:08","date_gmt":"2025-06-05T13:28:08","guid":{"rendered":"https:\/\/www.arleblanc.com\/sur-place\/superette\/"},"modified":"2025-12-02T11:37:55","modified_gmt":"2025-12-02T10:37:55","slug":"supermarkt","status":"publish","type":"page","link":"https:\/\/www.arleblanc.com\/de\/vor-ort\/supermarkt\/","title":{"rendered":"Supermarkt"},"content":{"rendered":"<p><div class=\"fusion-fullwidth fullwidth-box fusion-builder-row-1 fusion-flex-container has-pattern-background has-mask-background nonhundred-percent-fullwidth non-hundred-percent-height-scrolling\" style=\"--awb-border-radius-top-left:0px;--awb-border-radius-top-right:0px;--awb-border-radius-bottom-right:0px;--awb-border-radius-bottom-left:0px;--awb-flex-wrap:wrap;\" ><div class=\"fusion-builder-row fusion-row fusion-flex-align-items-center fusion-flex-justify-content-center fusion-flex-content-wrap\" style=\"max-width:1456px;margin-left: calc(-4% \/ 2 );margin-right: calc(-4% \/ 2 );\"><div class=\"fusion-layout-column fusion_builder_column fusion-builder-column-0 fusion_builder_column_5_6 5_6 fusion-flex-column\" style=\"--awb-bg-size:cover;--awb-width-large:83.333333333333%;--awb-margin-top-large:0px;--awb-spacing-right-large:2.304%;--awb-margin-bottom-large:20px;--awb-spacing-left-large:2.304%;--awb-width-medium:100%;--awb-order-medium:0;--awb-spacing-right-medium:1.92%;--awb-spacing-left-medium:1.92%;--awb-width-small:100%;--awb-order-small:0;--awb-spacing-right-small:1.92%;--awb-spacing-left-small:1.92%;\"><div class=\"fusion-column-wrapper fusion-column-has-shadow fusion-flex-justify-content-flex-start fusion-content-layout-column\"><div class=\"fusion-text fusion-text-1\" style=\"--awb-content-alignment:center;\"><p>In der Arleblanc-Superette stehen vorrangig Produkte aus der Ard\u00e8che zu sehr g\u00fcnstigen Preisen, kurze Lieferketten, freundlicher Empfang und Drive-Service im Mittelpunkt.<br data-start=\"248\" data-end=\"251\" \/>Einwohner der Ard\u00e8che, Urlauber des 4-Sterne-Campingplatzes Sud Ard\u00e8che Arleblanc oder Besucher von anderswo \u2013 die Superette ist f\u00fcr alle ge\u00f6ffnet.<\/p>\n<\/div><\/div><\/div><div class=\"fusion-layout-column fusion_builder_column fusion-builder-column-1 fusion_builder_column_1_5 1_5 fusion-flex-column\" style=\"--awb-bg-size:cover;--awb-width-large:20%;--awb-margin-top-large:0px;--awb-spacing-right-large:9.6%;--awb-margin-bottom-large:20px;--awb-spacing-left-large:9.6%;--awb-width-medium:100%;--awb-order-medium:0;--awb-spacing-right-medium:1.92%;--awb-spacing-left-medium:1.92%;--awb-width-small:100%;--awb-order-small:0;--awb-spacing-right-small:1.92%;--awb-spacing-left-small:1.92%;\"><div class=\"fusion-column-wrapper fusion-column-has-shadow fusion-flex-justify-content-flex-start fusion-content-layout-column\"><div class=\"fusion-image-element \" style=\"text-align:center;--awb-caption-title-font-family:var(--h2_typography-font-family);--awb-caption-title-font-weight:var(--h2_typography-font-weight);--awb-caption-title-font-style:var(--h2_typography-font-style);--awb-caption-title-size:var(--h2_typography-font-size);--awb-caption-title-transform:var(--h2_typography-text-transform);--awb-caption-title-line-height:var(--h2_typography-line-height);--awb-caption-title-letter-spacing:var(--h2_typography-letter-spacing);\"><span class=\" fusion-imageframe imageframe-none imageframe-1 hover-type-none\"><img decoding=\"async\" width=\"200\" height=\"200\" alt=\"La superette\" src=\"data:image\/svg+xml,%3Csvg%20xmlns%3D%27http%3A%2F%2Fwww.w3.org%2F2000%2Fsvg%27%20width%3D%27200%27%20height%3D%27200%27%20viewBox%3D%270%200%20200%20200%27%3E%3Crect%20width%3D%27200%27%20height%3D%27200%27%20fill-opacity%3D%220%22%2F%3E%3C%2Fsvg%3E\" data-orig-src=\"https:\/\/www.arleblanc.com\/wp-content\/uploads\/superette.png\" class=\"lazyload img-responsive wp-image-4929\"\/><\/span><\/div><\/div><\/div><div class=\"fusion-layout-column fusion_builder_column fusion-builder-column-2 fusion_builder_column_3_5 3_5 fusion-flex-column\" style=\"--awb-bg-size:cover;--awb-width-large:60%;--awb-margin-top-large:0px;--awb-spacing-right-large:3.2%;--awb-margin-bottom-large:20px;--awb-spacing-left-large:3.2%;--awb-width-medium:100%;--awb-order-medium:0;--awb-spacing-right-medium:1.92%;--awb-spacing-left-medium:1.92%;--awb-width-small:100%;--awb-order-small:0;--awb-spacing-right-small:1.92%;--awb-spacing-left-small:1.92%;\"><div class=\"fusion-column-wrapper fusion-column-has-shadow fusion-flex-justify-content-flex-start fusion-content-layout-column\"><div class=\"fusion-text fusion-text-2\"><p>Um in einem kleinen Gesch\u00e4ft sicher und zu fairen Preisen einkaufen zu k\u00f6nnen, fernab der gro\u00dfen Superm\u00e4rkte, in denen der Abstand manchmal nicht eingehalten wird, bieten wir Ihnen:<\/p>\n<p>Ge\u00f6ffnet vom 12. April bis 5. Oktober von <strong>8:30 bis 12:00 Uhr und von 16:00 bis 19:00 Uhr<\/strong>, 7 Tage die Woche, auch am Sonntagnachmittag und an Feiertagen.<\/p>\n<p>Vergleichen Sie unsere Preise mit denen der Superm\u00e4rkte im Dorf \u2013 Sie werden sicherlich angenehm \u00fcberrascht sein.<\/p>\n<\/div><\/div><\/div><\/div><\/div><div class=\"fusion-fullwidth fullwidth-box fusion-builder-row-2 fusion-flex-container has-pattern-background has-mask-background bg-vert2 hundred-percent-fullwidth non-hundred-percent-height-scrolling\" style=\"--awb-border-radius-top-left:0px;--awb-border-radius-top-right:0px;--awb-border-radius-bottom-right:0px;--awb-border-radius-bottom-left:0px;--awb-padding-top:35px;--awb-padding-bottom:15px;--awb-margin-top:30px;--awb-flex-wrap:wrap;\" ><div class=\"fusion-builder-row fusion-row fusion-flex-align-items-flex-start fusion-flex-content-wrap\" style=\"width:104% !important;max-width:104% !important;margin-left: calc(-4% \/ 2 );margin-right: calc(-4% \/ 2 );\"><div class=\"fusion-layout-column fusion_builder_column fusion-builder-column-3 fusion_builder_column_1_1 1_1 fusion-flex-column\" style=\"--awb-bg-size:cover;--awb-width-large:100%;--awb-margin-top-large:0px;--awb-spacing-right-large:1.92%;--awb-margin-bottom-large:20px;--awb-spacing-left-large:1.92%;--awb-width-medium:100%;--awb-order-medium:0;--awb-spacing-right-medium:1.92%;--awb-spacing-left-medium:1.92%;--awb-width-small:100%;--awb-order-small:0;--awb-spacing-right-small:1.92%;--awb-spacing-left-small:1.92%;\"><div class=\"fusion-column-wrapper fusion-column-has-shadow fusion-flex-justify-content-flex-start fusion-content-layout-column\"><div class=\"awb-gallery-wrapper awb-gallery-wrapper-1 button-span-no\" style=\"--more-btn-alignment:center;\"><div style=\"margin:-5px;--awb-bordersize:0px;\" class=\"fusion-gallery fusion-gallery-container fusion-grid-5 fusion-columns-total-6 fusion-gallery-layout-masonry fusion-gallery-1\"><div class=\"fusion-grid-column fusion-gallery-column fusion-gallery-column-5 hover-type-zoomin fusion-grid-sizer\"><\/div><div style=\"padding:5px;\" class=\"fusion-grid-column fusion-gallery-column fusion-gallery-column-5 hover-type-zoomin fusion-element-landscape fusion-element-portrait\"><div class=\"fusion-gallery-image\"><a href=\"https:\/\/www.arleblanc.com\/wp-content\/uploads\/epicerie-1.jpg\" rel=\"noreferrer\" data-rel=\"iLightbox[gallery_image_1]\" class=\"fusion-lightbox\" target=\"_self\"><div style=\"padding-top:calc((100% + 10px) * 0.8);background-position:;\" class=\"fusion-masonry-element-container lazyload\" data-bg=\"https:\/\/www.arleblanc.com\/wp-content\/uploads\/epicerie-1.jpg\"><img decoding=\"async\" src=\"https:\/\/www.arleblanc.com\/wp-content\/uploads\/epicerie-1.jpg\" data-orig-src=\"https:\/\/www.arleblanc.com\/wp-content\/uploads\/epicerie-1.jpg\" width=\"1400\" height=\"933\" alt=\"La superette\" title=\"\" aria-label=\"\" class=\"lazyload img-responsive wp-image-2217\" srcset=\"data:image\/svg+xml,%3Csvg%20xmlns%3D%27http%3A%2F%2Fwww.w3.org%2F2000%2Fsvg%27%20width%3D%271400%27%20height%3D%27933%27%20viewBox%3D%270%200%201400%20933%27%3E%3Crect%20width%3D%271400%27%20height%3D%27933%27%20fill-opacity%3D%220%22%2F%3E%3C%2Fsvg%3E\" data-srcset=\"https:\/\/www.arleblanc.com\/wp-content\/uploads\/epicerie-1-200x133.jpg 200w, https:\/\/www.arleblanc.com\/wp-content\/uploads\/epicerie-1-400x267.jpg 400w, https:\/\/www.arleblanc.com\/wp-content\/uploads\/epicerie-1-600x400.jpg 600w, https:\/\/www.arleblanc.com\/wp-content\/uploads\/epicerie-1-800x533.jpg 800w, https:\/\/www.arleblanc.com\/wp-content\/uploads\/epicerie-1-1200x800.jpg 1200w, https:\/\/www.arleblanc.com\/wp-content\/uploads\/epicerie-1.jpg 1400w\" data-sizes=\"auto\" data-orig-sizes=\"(min-width: 2200px) 100vw, (min-width: 712px) 698px, (min-width: 640px) 712px, \" \/><\/div><\/a><\/div><\/div><div style=\"padding:5px;\" class=\"fusion-grid-column fusion-gallery-column fusion-gallery-column-5 hover-type-zoomin fusion-element-grid\"><div class=\"fusion-gallery-image\"><a href=\"https:\/\/www.arleblanc.com\/wp-content\/uploads\/epicerie-4.jpg\" rel=\"noreferrer\" data-rel=\"iLightbox[gallery_image_1]\" class=\"fusion-lightbox\" target=\"_self\"><div style=\"padding-top:calc((100% + 10px) * 0.8 - 5px);background-position:;\" class=\"fusion-masonry-element-container lazyload\" data-bg=\"https:\/\/www.arleblanc.com\/wp-content\/uploads\/epicerie-4.jpg\"><img decoding=\"async\" src=\"https:\/\/www.arleblanc.com\/wp-content\/uploads\/epicerie-4.jpg\" data-orig-src=\"https:\/\/www.arleblanc.com\/wp-content\/uploads\/epicerie-4.jpg\" width=\"1400\" height=\"933\" alt=\"La superette\" title=\"\" aria-label=\"\" class=\"lazyload img-responsive wp-image-2220\" srcset=\"data:image\/svg+xml,%3Csvg%20xmlns%3D%27http%3A%2F%2Fwww.w3.org%2F2000%2Fsvg%27%20width%3D%271400%27%20height%3D%27933%27%20viewBox%3D%270%200%201400%20933%27%3E%3Crect%20width%3D%271400%27%20height%3D%27933%27%20fill-opacity%3D%220%22%2F%3E%3C%2Fsvg%3E\" data-srcset=\"https:\/\/www.arleblanc.com\/wp-content\/uploads\/epicerie-4-200x133.jpg 200w, https:\/\/www.arleblanc.com\/wp-content\/uploads\/epicerie-4-400x267.jpg 400w, https:\/\/www.arleblanc.com\/wp-content\/uploads\/epicerie-4-600x400.jpg 600w, https:\/\/www.arleblanc.com\/wp-content\/uploads\/epicerie-4-800x533.jpg 800w, https:\/\/www.arleblanc.com\/wp-content\/uploads\/epicerie-4-1200x800.jpg 1200w, https:\/\/www.arleblanc.com\/wp-content\/uploads\/epicerie-4.jpg 1400w\" data-sizes=\"auto\" data-orig-sizes=\"(min-width: 2200px) 100vw, (min-width: 928px) 276px, (min-width: 856px) 345px, (min-width: 784px) 460px, (min-width: 712px) 690px, (min-width: 640px) 712px, \" \/><\/div><\/a><\/div><\/div><div style=\"padding:5px;\" class=\"fusion-grid-column fusion-gallery-column fusion-gallery-column-5 hover-type-zoomin fusion-element-grid\"><div class=\"fusion-gallery-image\"><a href=\"https:\/\/www.arleblanc.com\/wp-content\/uploads\/epicerie-2.jpg\" rel=\"noreferrer\" data-rel=\"iLightbox[gallery_image_1]\" class=\"fusion-lightbox\" target=\"_self\"><div style=\"padding-top:calc((100% + 10px) * 0.8 - 5px);background-position:;\" class=\"fusion-masonry-element-container lazyload\" data-bg=\"https:\/\/www.arleblanc.com\/wp-content\/uploads\/epicerie-2.jpg\"><img decoding=\"async\" src=\"https:\/\/www.arleblanc.com\/wp-content\/uploads\/epicerie-2.jpg\" data-orig-src=\"https:\/\/www.arleblanc.com\/wp-content\/uploads\/epicerie-2.jpg\" width=\"1400\" height=\"927\" alt=\"La superette\" title=\"\" aria-label=\"\" class=\"lazyload img-responsive wp-image-2218\" srcset=\"data:image\/svg+xml,%3Csvg%20xmlns%3D%27http%3A%2F%2Fwww.w3.org%2F2000%2Fsvg%27%20width%3D%271400%27%20height%3D%27927%27%20viewBox%3D%270%200%201400%20927%27%3E%3Crect%20width%3D%271400%27%20height%3D%27927%27%20fill-opacity%3D%220%22%2F%3E%3C%2Fsvg%3E\" data-srcset=\"https:\/\/www.arleblanc.com\/wp-content\/uploads\/epicerie-2-200x132.jpg 200w, https:\/\/www.arleblanc.com\/wp-content\/uploads\/epicerie-2-400x265.jpg 400w, https:\/\/www.arleblanc.com\/wp-content\/uploads\/epicerie-2-600x397.jpg 600w, https:\/\/www.arleblanc.com\/wp-content\/uploads\/epicerie-2-800x530.jpg 800w, https:\/\/www.arleblanc.com\/wp-content\/uploads\/epicerie-2-1200x795.jpg 1200w, https:\/\/www.arleblanc.com\/wp-content\/uploads\/epicerie-2.jpg 1400w\" data-sizes=\"auto\" data-orig-sizes=\"(min-width: 2200px) 100vw, (min-width: 928px) 276px, (min-width: 856px) 345px, (min-width: 784px) 460px, (min-width: 712px) 690px, (min-width: 640px) 712px, \" \/><\/div><\/a><\/div><\/div><div style=\"padding:5px;\" class=\"fusion-grid-column fusion-gallery-column fusion-gallery-column-5 hover-type-zoomin fusion-element-grid\"><div class=\"fusion-gallery-image\"><a href=\"https:\/\/www.arleblanc.com\/wp-content\/uploads\/epicerie-6.jpg\" rel=\"noreferrer\" data-rel=\"iLightbox[gallery_image_1]\" class=\"fusion-lightbox\" target=\"_self\"><div style=\"padding-top:calc((100% + 10px) * 0.8 - 5px);background-position:;\" class=\"fusion-masonry-element-container lazyload\" data-bg=\"https:\/\/www.arleblanc.com\/wp-content\/uploads\/epicerie-6.jpg\"><img decoding=\"async\" src=\"https:\/\/www.arleblanc.com\/wp-content\/uploads\/epicerie-6.jpg\" data-orig-src=\"https:\/\/www.arleblanc.com\/wp-content\/uploads\/epicerie-6.jpg\" width=\"1173\" height=\"880\" alt=\"La superette\" title=\"\" aria-label=\"\" class=\"lazyload img-responsive wp-image-2261\" srcset=\"data:image\/svg+xml,%3Csvg%20xmlns%3D%27http%3A%2F%2Fwww.w3.org%2F2000%2Fsvg%27%20width%3D%271173%27%20height%3D%27880%27%20viewBox%3D%270%200%201173%20880%27%3E%3Crect%20width%3D%271173%27%20height%3D%27880%27%20fill-opacity%3D%220%22%2F%3E%3C%2Fsvg%3E\" data-srcset=\"https:\/\/www.arleblanc.com\/wp-content\/uploads\/epicerie-6-200x150.jpg 200w, https:\/\/www.arleblanc.com\/wp-content\/uploads\/epicerie-6-400x300.jpg 400w, https:\/\/www.arleblanc.com\/wp-content\/uploads\/epicerie-6-600x450.jpg 600w, https:\/\/www.arleblanc.com\/wp-content\/uploads\/epicerie-6-800x600.jpg 800w, https:\/\/www.arleblanc.com\/wp-content\/uploads\/epicerie-6.jpg 1173w\" data-sizes=\"auto\" data-orig-sizes=\"(min-width: 2200px) 100vw, (min-width: 928px) 276px, (min-width: 856px) 345px, (min-width: 784px) 460px, (min-width: 712px) 690px, (min-width: 640px) 712px, \" \/><\/div><\/a><\/div><\/div><div style=\"padding:5px;\" class=\"fusion-grid-column fusion-gallery-column fusion-gallery-column-5 hover-type-zoomin fusion-element-landscape\"><div class=\"fusion-gallery-image\"><a href=\"https:\/\/www.arleblanc.com\/wp-content\/uploads\/epicerie-3.jpg\" rel=\"noreferrer\" data-rel=\"iLightbox[gallery_image_1]\" class=\"fusion-lightbox\" target=\"_self\"><div style=\"padding-top:calc((100% + 10px) * 0.4 - 5px);background-position:;\" class=\"fusion-masonry-element-container lazyload\" data-bg=\"https:\/\/www.arleblanc.com\/wp-content\/uploads\/epicerie-3.jpg\"><img decoding=\"async\" src=\"https:\/\/www.arleblanc.com\/wp-content\/uploads\/epicerie-3.jpg\" data-orig-src=\"https:\/\/www.arleblanc.com\/wp-content\/uploads\/epicerie-3.jpg\" width=\"1400\" height=\"932\" alt=\"La superette\" title=\"\" aria-label=\"\" class=\"lazyload img-responsive wp-image-2219\" srcset=\"data:image\/svg+xml,%3Csvg%20xmlns%3D%27http%3A%2F%2Fwww.w3.org%2F2000%2Fsvg%27%20width%3D%271400%27%20height%3D%27932%27%20viewBox%3D%270%200%201400%20932%27%3E%3Crect%20width%3D%271400%27%20height%3D%27932%27%20fill-opacity%3D%220%22%2F%3E%3C%2Fsvg%3E\" data-srcset=\"https:\/\/www.arleblanc.com\/wp-content\/uploads\/epicerie-3-200x133.jpg 200w, https:\/\/www.arleblanc.com\/wp-content\/uploads\/epicerie-3-400x266.jpg 400w, https:\/\/www.arleblanc.com\/wp-content\/uploads\/epicerie-3-600x399.jpg 600w, https:\/\/www.arleblanc.com\/wp-content\/uploads\/epicerie-3-800x533.jpg 800w, https:\/\/www.arleblanc.com\/wp-content\/uploads\/epicerie-3-1200x799.jpg 1200w, https:\/\/www.arleblanc.com\/wp-content\/uploads\/epicerie-3.jpg 1400w\" data-sizes=\"auto\" data-orig-sizes=\"(min-width: 2200px) 100vw, (min-width: 712px) 698px, (min-width: 640px) 712px, \" \/><\/div><\/a><\/div><\/div><div style=\"padding:5px;\" class=\"fusion-grid-column fusion-gallery-column fusion-gallery-column-5 hover-type-zoomin fusion-element-grid\"><div class=\"fusion-gallery-image\"><a href=\"https:\/\/www.arleblanc.com\/wp-content\/uploads\/epicerie-5.jpg\" rel=\"noreferrer\" data-rel=\"iLightbox[gallery_image_1]\" class=\"fusion-lightbox\" target=\"_self\"><div style=\"padding-top:calc((100% + 10px) * 0.8 - 5px);background-position:;\" class=\"fusion-masonry-element-container lazyload\" data-bg=\"https:\/\/www.arleblanc.com\/wp-content\/uploads\/epicerie-5.jpg\"><img decoding=\"async\" src=\"https:\/\/www.arleblanc.com\/wp-content\/uploads\/epicerie-5.jpg\" data-orig-src=\"https:\/\/www.arleblanc.com\/wp-content\/uploads\/epicerie-5.jpg\" width=\"995\" height=\"880\" alt=\"La superette\" title=\"\" aria-label=\"\" class=\"lazyload img-responsive wp-image-2262\" srcset=\"data:image\/svg+xml,%3Csvg%20xmlns%3D%27http%3A%2F%2Fwww.w3.org%2F2000%2Fsvg%27%20width%3D%27995%27%20height%3D%27880%27%20viewBox%3D%270%200%20995%20880%27%3E%3Crect%20width%3D%27995%27%20height%3D%27880%27%20fill-opacity%3D%220%22%2F%3E%3C%2Fsvg%3E\" data-srcset=\"https:\/\/www.arleblanc.com\/wp-content\/uploads\/epicerie-5-200x177.jpg 200w, https:\/\/www.arleblanc.com\/wp-content\/uploads\/epicerie-5-400x354.jpg 400w, https:\/\/www.arleblanc.com\/wp-content\/uploads\/epicerie-5-600x531.jpg 600w, https:\/\/www.arleblanc.com\/wp-content\/uploads\/epicerie-5-800x708.jpg 800w, https:\/\/www.arleblanc.com\/wp-content\/uploads\/epicerie-5.jpg 995w\" data-sizes=\"auto\" data-orig-sizes=\"(min-width: 2200px) 100vw, (min-width: 928px) 276px, (min-width: 856px) 345px, (min-width: 784px) 460px, (min-width: 712px) 690px, (min-width: 640px) 712px, \" \/><\/div><\/a><\/div><\/div><\/div><\/div><\/div><\/div><\/div><\/div><\/p>\n","protected":false},"excerpt":{"rendered":"","protected":false},"author":1,"featured_media":0,"parent":4082,"menu_order":0,"comment_status":"closed","ping_status":"closed","template":"100-width.php","meta":{"_acf_changed":false,"footnotes":""},"class_list":["post-4089","page","type-page","status-publish","hentry"],"acf":[],"_links":{"self":[{"href":"https:\/\/www.arleblanc.com\/de\/wp-json\/wp\/v2\/pages\/4089","targetHints":{"allow":["GET"]}}],"collection":[{"href":"https:\/\/www.arleblanc.com\/de\/wp-json\/wp\/v2\/pages"}],"about":[{"href":"https:\/\/www.arleblanc.com\/de\/wp-json\/wp\/v2\/types\/page"}],"author":[{"embeddable":true,"href":"https:\/\/www.arleblanc.com\/de\/wp-json\/wp\/v2\/users\/1"}],"replies":[{"embeddable":true,"href":"https:\/\/www.arleblanc.com\/de\/wp-json\/wp\/v2\/comments?post=4089"}],"version-history":[{"count":4,"href":"https:\/\/www.arleblanc.com\/de\/wp-json\/wp\/v2\/pages\/4089\/revisions"}],"predecessor-version":[{"id":5499,"href":"https:\/\/www.arleblanc.com\/de\/wp-json\/wp\/v2\/pages\/4089\/revisions\/5499"}],"up":[{"embeddable":true,"href":"https:\/\/www.arleblanc.com\/de\/wp-json\/wp\/v2\/pages\/4082"}],"wp:attachment":[{"href":"https:\/\/www.arleblanc.com\/de\/wp-json\/wp\/v2\/media?parent=4089"}],"curies":[{"name":"wp","href":"https:\/\/api.w.org\/{rel}","templated":true}]}}