{"id":4129,"date":"2025-04-16T16:31:15","date_gmt":"2025-04-16T14:31:15","guid":{"rendered":"https:\/\/www.arleblanc.com\/les-services\/les-services-du-quotidien\/"},"modified":"2025-11-21T08:40:51","modified_gmt":"2025-11-21T07:40:51","slug":"taegliche-dienste","status":"publish","type":"page","link":"https:\/\/www.arleblanc.com\/de\/servicebereich\/taegliche-dienste\/","title":{"rendered":"T\u00e4gliche Dienste"},"content":{"rendered":"<p><div class=\"fusion-fullwidth fullwidth-box fusion-builder-row-1 fusion-flex-container has-pattern-background has-mask-background nonhundred-percent-fullwidth non-hundred-percent-height-scrolling\" style=\"--awb-border-radius-top-left:0px;--awb-border-radius-top-right:0px;--awb-border-radius-bottom-right:0px;--awb-border-radius-bottom-left:0px;--awb-padding-bottom:30px;--awb-flex-wrap:wrap;\" ><div class=\"fusion-builder-row fusion-row fusion-flex-align-items-center fusion-flex-content-wrap\" style=\"max-width:1456px;margin-left: calc(-4% \/ 2 );margin-right: calc(-4% \/ 2 );\"><div class=\"fusion-layout-column fusion_builder_column fusion-builder-column-0 fusion_builder_column_1_1 1_1 fusion-flex-column\" style=\"--awb-bg-size:cover;--awb-width-large:100%;--awb-margin-top-large:0px;--awb-spacing-right-large:1.92%;--awb-margin-bottom-large:20px;--awb-spacing-left-large:1.92%;--awb-width-medium:100%;--awb-order-medium:0;--awb-spacing-right-medium:1.92%;--awb-spacing-left-medium:1.92%;--awb-width-small:100%;--awb-order-small:0;--awb-spacing-right-small:1.92%;--awb-spacing-left-small:1.92%;\"><div class=\"fusion-column-wrapper fusion-column-has-shadow fusion-flex-justify-content-flex-start fusion-content-layout-column\"><div class=\"fusion-text fusion-text-1 txt-plus\" style=\"--awb-content-alignment:center;\"><p>Alles bequem an unserem Serviceplatz gelegen! Gleich neben unserer Rezeption finden Sie einen<\/p>\n<p>Campingshop und alles Weitere, was Sie ben\u00f6tigen, wie einen Waschsalon und eine Ladestation f\u00fcr Ihr Elektroauto. So k\u00f6nnen Sie einen unbeschwerten Urlaub genie\u00dfen.<\/p>\n<\/div><\/div><\/div><div class=\"fusion-layout-column fusion_builder_column fusion-builder-column-1 fusion_builder_column_2_3 2_3 fusion-flex-column\" style=\"--awb-bg-size:cover;--awb-width-large:66.666666666667%;--awb-margin-top-large:0px;--awb-spacing-right-large:2.88%;--awb-margin-bottom-large:20px;--awb-spacing-left-large:2.88%;--awb-width-medium:100%;--awb-order-medium:0;--awb-spacing-right-medium:1.92%;--awb-spacing-left-medium:1.92%;--awb-width-small:100%;--awb-order-small:0;--awb-spacing-right-small:1.92%;--awb-spacing-left-small:1.92%;\"><div class=\"fusion-column-wrapper fusion-column-has-shadow fusion-flex-justify-content-flex-start fusion-content-layout-column\"><div class=\"fusion-title title fusion-title-1 fusion-title-text fusion-title-size-two\"><div class=\"title-sep-container title-sep-container-left fusion-no-large-visibility fusion-no-medium-visibility fusion-no-small-visibility\"><div class=\"title-sep sep-single sep-solid\" style=\"border-color:#d6d4d4;\"><\/div><\/div><span class=\"awb-title-spacer fusion-no-large-visibility fusion-no-medium-visibility fusion-no-small-visibility\"><\/span><h2 class=\"fusion-title-heading title-heading-left\" style=\"margin:0;\"><span class=\"stitle\">Bei uns dreht sich alles um Sie: Komfort, Freundlichkeit und die Einfachheit des guten Lebens erwarten Sie.<\/span><\/h2><span class=\"awb-title-spacer\"><\/span><div class=\"title-sep-container title-sep-container-right\"><div class=\"title-sep sep-single sep-solid\" style=\"border-color:#d6d4d4;\"><\/div><\/div><\/div><div class=\"fusion-text fusion-text-2\"><p>Das Team von Camping Arleblanc freut sich, Sie begr\u00fc\u00dfen zu d\u00fcrfen! An der Rezeption werden Sie von Martha, Amandine und Nadine empfangen, die Ihnen gerne in mehreren Sprachen behilflich sind. Unsere Mitarbeiter helfen Ihnen gerne weiter, egal ob Sie Informationen \u00fcber die Umgebung ben\u00f6tigen, einen spannenden Tagesausflug buchen oder einen Tisch in unserem Restaurant reservieren m\u00f6chten. Nutzen Sie unsere umfassende Ortskenntnis und Erfahrung, um Ihren Urlaub unvergesslich zu machen. Wir haben t\u00e4glich von 9:00 bis 12:00 Uhr und von 15:00 bis 19:00 Uhr ge\u00f6ffnet.<\/p>\n<p>Nach dem Einchecken werden Sie mit einem Elektro Buggy zu Ihrem Campingplatz gebracht!<\/p>\n<\/div><\/div><\/div><div class=\"fusion-layout-column fusion_builder_column fusion-builder-column-2 fusion_builder_column_1_3 1_3 fusion-flex-column\" style=\"--awb-bg-size:cover;--awb-width-large:33.333333333333%;--awb-margin-top-large:0px;--awb-spacing-right-large:5.76%;--awb-margin-bottom-large:20px;--awb-spacing-left-large:5.76%;--awb-width-medium:100%;--awb-order-medium:0;--awb-spacing-right-medium:1.92%;--awb-spacing-left-medium:1.92%;--awb-width-small:100%;--awb-order-small:0;--awb-spacing-right-small:1.92%;--awb-spacing-left-small:1.92%;\"><div class=\"fusion-column-wrapper fusion-column-has-shadow fusion-flex-justify-content-flex-start fusion-content-layout-column\"><div class=\"fusion-image-element \" style=\"text-align:center;--awb-caption-title-font-family:var(--h2_typography-font-family);--awb-caption-title-font-weight:var(--h2_typography-font-weight);--awb-caption-title-font-style:var(--h2_typography-font-style);--awb-caption-title-size:var(--h2_typography-font-size);--awb-caption-title-transform:var(--h2_typography-text-transform);--awb-caption-title-line-height:var(--h2_typography-line-height);--awb-caption-title-letter-spacing:var(--h2_typography-letter-spacing);\"><span class=\" fusion-imageframe imageframe-none imageframe-1 hover-type-zoomin\"><a href=\"https:\/\/www.arleblanc.com\/wp-content\/uploads\/reception.jpg\" class=\"fusion-lightbox\" data-rel=\"iLightbox[eef6c03f0a4856e2125]\"><img decoding=\"async\" width=\"450\" height=\"330\" alt=\"R\u00e9ception\" src=\"data:image\/svg+xml,%3Csvg%20xmlns%3D%27http%3A%2F%2Fwww.w3.org%2F2000%2Fsvg%27%20width%3D%271400%27%20height%3D%27932%27%20viewBox%3D%270%200%201400%20932%27%3E%3Crect%20width%3D%271400%27%20height%3D%27932%27%20fill-opacity%3D%220%22%2F%3E%3C%2Fsvg%3E\" data-orig-src=\"https:\/\/www.arleblanc.com\/wp-content\/uploads\/reception-450x330.jpg\" class=\"lazyload img-responsive wp-image-4932\"\/><\/a><\/span><\/div><\/div><\/div><\/div><\/div><div class=\"fusion-fullwidth fullwidth-box fusion-builder-row-2 fusion-flex-container has-pattern-background has-mask-background bg-vert2 nonhundred-percent-fullwidth non-hundred-percent-height-scrolling\" style=\"--awb-border-radius-top-left:0px;--awb-border-radius-top-right:0px;--awb-border-radius-bottom-right:0px;--awb-border-radius-bottom-left:0px;--awb-padding-top:50px;--awb-padding-bottom:30px;--awb-flex-wrap:wrap;\" ><div class=\"fusion-builder-row fusion-row fusion-flex-align-items-center fusion-flex-content-wrap\" style=\"max-width:1456px;margin-left: calc(-4% \/ 2 );margin-right: calc(-4% \/ 2 );\"><div class=\"fusion-layout-column fusion_builder_column fusion-builder-column-3 fusion_builder_column_2_3 2_3 fusion-flex-column\" style=\"--awb-bg-size:cover;--awb-width-large:66.666666666667%;--awb-margin-top-large:0px;--awb-spacing-right-large:2.88%;--awb-margin-bottom-large:20px;--awb-spacing-left-large:2.88%;--awb-width-medium:100%;--awb-order-medium:0;--awb-spacing-right-medium:1.92%;--awb-spacing-left-medium:1.92%;--awb-width-small:100%;--awb-order-small:0;--awb-spacing-right-small:1.92%;--awb-spacing-left-small:1.92%;\"><div class=\"fusion-column-wrapper fusion-column-has-shadow fusion-flex-justify-content-flex-start fusion-content-layout-column\"><div class=\"fusion-title title fusion-title-2 fusion-title-text fusion-title-size-two\"><div class=\"title-sep-container title-sep-container-left fusion-no-large-visibility fusion-no-medium-visibility fusion-no-small-visibility\"><div class=\"title-sep sep-single sep-solid\" style=\"border-color:#d6d4d4;\"><\/div><\/div><span class=\"awb-title-spacer fusion-no-large-visibility fusion-no-medium-visibility fusion-no-small-visibility\"><\/span><h2 class=\"fusion-title-heading title-heading-left\" style=\"margin:0;\"><span class=\"stitle\">Die Camping Arleblanc Supermarkt<\/span><\/h2><span class=\"awb-title-spacer\"><\/span><div class=\"title-sep-container title-sep-container-right\"><div class=\"title-sep sep-single sep-solid\" style=\"border-color:#d6d4d4;\"><\/div><\/div><\/div><div class=\"fusion-text fusion-text-3\"><p>Entdecken Sie die k\u00f6stlichen Aromen der Ard\u00e8che: In unserem Gesch\u00e4ft finden Sie eine gro\u00dfe Auswahl an authentischen regionalen Produkten direkt vom Erzeuger. Starten Sie perfekt in den Tag mit frischem Brot aus dem Holzofen und entdecken Sie regionale Spezialit\u00e4ten. Unsere Mitarbeiterin V\u00e9ronique ber\u00e4t Sie gerne bei Ihrer Auswahl. Das Gesch\u00e4ft ist t\u00e4glich ab 8:30 Uhr ge\u00f6ffnet.<\/p>\n<\/div><\/div><\/div><div class=\"fusion-layout-column fusion_builder_column fusion-builder-column-4 fusion_builder_column_1_3 1_3 fusion-flex-column\" style=\"--awb-bg-size:cover;--awb-width-large:33.333333333333%;--awb-margin-top-large:0px;--awb-spacing-right-large:5.76%;--awb-margin-bottom-large:20px;--awb-spacing-left-large:5.76%;--awb-width-medium:100%;--awb-order-medium:0;--awb-spacing-right-medium:1.92%;--awb-spacing-left-medium:1.92%;--awb-width-small:100%;--awb-order-small:0;--awb-spacing-right-small:1.92%;--awb-spacing-left-small:1.92%;\" data-scroll-devices=\"small-visibility,medium-visibility,large-visibility\"><div class=\"fusion-column-wrapper fusion-column-has-shadow fusion-flex-justify-content-center fusion-content-layout-row\"><div class=\"fusion-image-element \" style=\"text-align:center;--awb-caption-title-font-family:var(--h2_typography-font-family);--awb-caption-title-font-weight:var(--h2_typography-font-weight);--awb-caption-title-font-style:var(--h2_typography-font-style);--awb-caption-title-size:var(--h2_typography-font-size);--awb-caption-title-transform:var(--h2_typography-text-transform);--awb-caption-title-line-height:var(--h2_typography-line-height);--awb-caption-title-letter-spacing:var(--h2_typography-letter-spacing);\"><span class=\" fusion-imageframe imageframe-none imageframe-2 hover-type-none\"><a class=\"fusion-no-lightbox\" href=\"\/sur-place\/superette\/\" target=\"_self\"><img decoding=\"async\" width=\"200\" height=\"200\" alt=\"La superette\" src=\"data:image\/svg+xml,%3Csvg%20xmlns%3D%27http%3A%2F%2Fwww.w3.org%2F2000%2Fsvg%27%20width%3D%27200%27%20height%3D%27200%27%20viewBox%3D%270%200%20200%20200%27%3E%3Crect%20width%3D%27200%27%20height%3D%27200%27%20fill-opacity%3D%220%22%2F%3E%3C%2Fsvg%3E\" data-orig-src=\"https:\/\/www.arleblanc.com\/wp-content\/uploads\/superette.png\" class=\"lazyload img-responsive wp-image-4929\"\/><\/a><\/span><\/div><div class=\"fusion-separator fusion-full-width-sep\" style=\"align-self: center;margin-left: auto;margin-right: auto;margin-top:30px;width:100%;\"><\/div><div style=\"text-align:center;\"><a class=\"fusion-button button-flat fusion-button-default-size button-default fusion-button-default button-1 fusion-button-default-span fusion-button-default-type btn-blanc-vert\" target=\"_self\" href=\"\/de\/vor-ort\/supermarkt\/\"><span class=\"fusion-button-text\">Erfahren Sie mehr \u00fcber den supermarkt<\/span><\/a><\/div><\/div><\/div><\/div><\/div><div class=\"fusion-fullwidth fullwidth-box fusion-builder-row-3 fusion-flex-container has-pattern-background has-mask-background nonhundred-percent-fullwidth non-hundred-percent-height-scrolling\" style=\"--awb-border-radius-top-left:0px;--awb-border-radius-top-right:0px;--awb-border-radius-bottom-right:0px;--awb-border-radius-bottom-left:0px;--awb-padding-top:50px;--awb-flex-wrap:wrap;\" ><div class=\"fusion-builder-row fusion-row fusion-flex-align-items-center fusion-flex-justify-content-center fusion-flex-content-wrap\" style=\"max-width:1456px;margin-left: calc(-4% \/ 2 );margin-right: calc(-4% \/ 2 );\"><div class=\"fusion-layout-column fusion_builder_column fusion-builder-column-5 fusion_builder_column_1_1 1_1 fusion-flex-column\" style=\"--awb-bg-size:cover;--awb-width-large:100%;--awb-margin-top-large:0px;--awb-spacing-right-large:1.92%;--awb-margin-bottom-large:20px;--awb-spacing-left-large:1.92%;--awb-width-medium:100%;--awb-order-medium:0;--awb-spacing-right-medium:1.92%;--awb-spacing-left-medium:1.92%;--awb-width-small:100%;--awb-order-small:0;--awb-spacing-right-small:1.92%;--awb-spacing-left-small:1.92%;\"><div class=\"fusion-column-wrapper fusion-column-has-shadow fusion-flex-justify-content-flex-start fusion-content-layout-column\"><div class=\"fusion-title title fusion-title-3 fusion-title-text fusion-title-size-two\"><div class=\"title-sep-container title-sep-container-left fusion-no-large-visibility fusion-no-medium-visibility fusion-no-small-visibility\"><div class=\"title-sep sep-single sep-solid\" style=\"border-color:#d6d4d4;\"><\/div><\/div><span class=\"awb-title-spacer fusion-no-large-visibility fusion-no-medium-visibility fusion-no-small-visibility\"><\/span><h2 class=\"fusion-title-heading title-heading-left\" style=\"margin:0;\"><span class=\"stitle\">Praktische Seite<\/span><\/h2><span class=\"awb-title-spacer\"><\/span><div class=\"title-sep-container title-sep-container-right\"><div class=\"title-sep sep-single sep-solid\" style=\"border-color:#d6d4d4;\"><\/div><\/div><\/div><\/div><\/div><div class=\"fusion-layout-column fusion_builder_column fusion-builder-column-6 fusion_builder_column_1_2 1_2 fusion-flex-column\" style=\"--awb-bg-size:cover;--awb-width-large:50%;--awb-margin-top-large:0px;--awb-spacing-right-large:3.84%;--awb-margin-bottom-large:20px;--awb-spacing-left-large:3.84%;--awb-width-medium:100%;--awb-order-medium:0;--awb-spacing-right-medium:1.92%;--awb-spacing-left-medium:1.92%;--awb-width-small:100%;--awb-order-small:0;--awb-spacing-right-small:1.92%;--awb-spacing-left-small:1.92%;\"><div class=\"fusion-column-wrapper fusion-column-has-shadow fusion-flex-justify-content-flex-start fusion-content-layout-column\"><div class=\"fusion-text fusion-text-4\"><p><strong>Der Waschsalon:<\/strong><\/p>\n<p>Frische W\u00e4sche im Handumdrehen: In unserem praktischen Outdoor-Waschsalon finden Sie moderne Waschmaschinen und Trockner. Wertmarken und Waschmittel erhalten Sie an der Kasse im Campingshop. So wird W\u00e4schewaschen im Urlaub zum Kinderspiel.<\/p>\n<p><strong>Elektrofahrzeug-Ladestation auf dem Campingplatz<\/strong><\/p>\n<p>Wir bieten Ihnen modernen Service: Direkt neben der Rezeption finden Sie Ladestationen, an denen Sie Ihr Elektroauto w\u00e4hrend Ihres Aufenthalts schnell und bequem aufladen k\u00f6nnen. Bitte melden Sie sich vorab an die Rezeption, um alle notwendigen Informationen zu erhalten. Aus Sicherheitsgr\u00fcnden ist das Aufladen Ihres Autos direkt an der Unterkunft strengstens untersagt, da unsere elektrischen Anlagen nicht f\u00fcr diese hohe Belastung ausgelegt sind.<\/p>\n<p><strong>Mieten Sie unser Elektroauto<\/strong><\/p>\n<p>Sind Sie mit Ihrem Wohnmobil im Urlaub und m\u00f6chten nicht jedes Mal Ihr gesamtes Gep\u00e4ck mitschleppen? Dann mieten Sie doch unseren Elektro-Pkw, einen Renault Zoe, und genie\u00dfen Sie die Umgebung ganz entspannt. Mietbedingungen und Reservierungen erhalten Sie an der Rezeption.<\/p>\n<p><strong>Mieten Sie einen K\u00fchlschrank bei unserem Partner Fri-Loue.<\/strong><\/p>\n<p>Sie m\u00f6chten campen, aber nicht auf Komfort verzichten? Dann mieten Sie einen K\u00fchlschrank bei unserem Partner Fri-Loue. Er wird Ihnen direkt zum Stellplatz geliefert und wieder abgeholt<\/p>\n<p><strong>Mieten Sie eine Gas-Plancha<\/strong><\/p>\n<p>Wenn Sie grillen m\u00f6chten, ist das m\u00f6glich! Da die Pr\u00e4fektur Ard\u00e8che das Grillen mit Holzkohle und offenes Feuer verboten hat, d\u00fcrfen Sie auf Ihrem Stellplatz nur einen Elektro- oder Gasgrill benutzen. Gasgrills k\u00f6nnen Sie bei uns mieten. Reservieren Sie einen bei der Buchung oder fragen Sie an der Rezeption nach.<\/p>\n<p><strong>Gemeinschafts Grillpl\u00e4tze vor Ort<\/strong><\/p>\n<p>Auf dem Campingplatz befinden sich an mehreren Stellen Gemeinschaftsgrills. Sie k\u00f6nnen diese gerne frei nutzen. Sie werden mit Holzkohle befeuert. Dies ist der einzige Ort, an dem Holzkohle erlaubt ist. Ideal f\u00fcr gr\u00f6\u00dfere Gruppen.<\/p>\n<\/div><\/div><\/div><div class=\"fusion-layout-column fusion_builder_column fusion-builder-column-7 fusion_builder_column_1_2 1_2 fusion-flex-column\" style=\"--awb-bg-size:cover;--awb-width-large:50%;--awb-margin-top-large:0px;--awb-spacing-right-large:3.84%;--awb-margin-bottom-large:20px;--awb-spacing-left-large:3.84%;--awb-width-medium:100%;--awb-order-medium:0;--awb-spacing-right-medium:1.92%;--awb-spacing-left-medium:1.92%;--awb-width-small:100%;--awb-order-small:0;--awb-spacing-right-small:1.92%;--awb-spacing-left-small:1.92%;\"><div class=\"fusion-column-wrapper fusion-column-has-shadow fusion-flex-justify-content-flex-start fusion-content-layout-column\"><div class=\"awb-gallery-wrapper awb-gallery-wrapper-1 button-span-no\" style=\"--more-btn-alignment:center;\"><div style=\"margin:-5px;--awb-bordersize:0px;\" class=\"fusion-gallery fusion-gallery-container fusion-grid-2 fusion-columns-total-2 fusion-gallery-layout-masonry fusion-gallery-1\"><div class=\"fusion-grid-column fusion-gallery-column fusion-gallery-column-2 hover-type-zoomin fusion-grid-sizer\"><\/div><div style=\"padding:5px;\" class=\"fusion-grid-column fusion-gallery-column fusion-gallery-column-2 hover-type-zoomin fusion-element-grid\"><div class=\"fusion-gallery-image\"><a href=\"https:\/\/www.arleblanc.com\/wp-content\/uploads\/les-sanitaires-03.jpg\" rel=\"noreferrer\" data-rel=\"iLightbox[gallery_image_1]\" class=\"fusion-lightbox\" target=\"_self\"><div style=\"padding-top:calc((100% + 10px) * 0.8 - 5px);background-position:;\" class=\"fusion-masonry-element-container lazyload\" data-bg=\"https:\/\/www.arleblanc.com\/wp-content\/uploads\/les-sanitaires-03.jpg\"><img decoding=\"async\" src=\"https:\/\/www.arleblanc.com\/wp-content\/uploads\/les-sanitaires-03.jpg\" data-orig-src=\"https:\/\/www.arleblanc.com\/wp-content\/uploads\/les-sanitaires-03.jpg\" width=\"1400\" height=\"932\" alt=\"Les sanitaires\" title=\"\" aria-label=\"\" class=\"lazyload img-responsive wp-image-1977\" srcset=\"data:image\/svg+xml,%3Csvg%20xmlns%3D%27http%3A%2F%2Fwww.w3.org%2F2000%2Fsvg%27%20width%3D%271400%27%20height%3D%27932%27%20viewBox%3D%270%200%201400%20932%27%3E%3Crect%20width%3D%271400%27%20height%3D%27932%27%20fill-opacity%3D%220%22%2F%3E%3C%2Fsvg%3E\" data-srcset=\"https:\/\/www.arleblanc.com\/wp-content\/uploads\/les-sanitaires-03-200x133.jpg 200w, https:\/\/www.arleblanc.com\/wp-content\/uploads\/les-sanitaires-03-400x266.jpg 400w, https:\/\/www.arleblanc.com\/wp-content\/uploads\/les-sanitaires-03-600x399.jpg 600w, https:\/\/www.arleblanc.com\/wp-content\/uploads\/les-sanitaires-03-800x533.jpg 800w, https:\/\/www.arleblanc.com\/wp-content\/uploads\/les-sanitaires-03-1200x799.jpg 1200w, https:\/\/www.arleblanc.com\/wp-content\/uploads\/les-sanitaires-03.jpg 1400w\" data-sizes=\"auto\" data-orig-sizes=\"(min-width: 2200px) 100vw, (min-width: 712px) 698px, (min-width: 640px) 712px, \" \/><\/div><\/a><\/div><\/div><div style=\"padding:5px;\" class=\"fusion-grid-column fusion-gallery-column fusion-gallery-column-2 hover-type-zoomin fusion-element-grid\"><div class=\"fusion-gallery-image\"><a href=\"https:\/\/www.arleblanc.com\/wp-content\/uploads\/barbecue.jpg\" rel=\"noreferrer\" data-rel=\"iLightbox[gallery_image_1]\" class=\"fusion-lightbox\" target=\"_self\"><div style=\"padding-top:calc((100% + 10px) * 0.8 - 5px);background-position:;\" class=\"fusion-masonry-element-container lazyload\" data-bg=\"https:\/\/www.arleblanc.com\/wp-content\/uploads\/barbecue.jpg\"><img decoding=\"async\" src=\"https:\/\/www.arleblanc.com\/wp-content\/uploads\/barbecue.jpg\" data-orig-src=\"https:\/\/www.arleblanc.com\/wp-content\/uploads\/barbecue.jpg\" width=\"1400\" height=\"932\" alt=\"Barbecue\" title=\"Barbecue\" aria-label=\"Barbecue\" class=\"lazyload img-responsive wp-image-2814\" srcset=\"data:image\/svg+xml,%3Csvg%20xmlns%3D%27http%3A%2F%2Fwww.w3.org%2F2000%2Fsvg%27%20width%3D%271400%27%20height%3D%27932%27%20viewBox%3D%270%200%201400%20932%27%3E%3Crect%20width%3D%271400%27%20height%3D%27932%27%20fill-opacity%3D%220%22%2F%3E%3C%2Fsvg%3E\" data-srcset=\"https:\/\/www.arleblanc.com\/wp-content\/uploads\/barbecue-200x133.jpg 200w, https:\/\/www.arleblanc.com\/wp-content\/uploads\/barbecue-400x266.jpg 400w, https:\/\/www.arleblanc.com\/wp-content\/uploads\/barbecue-600x399.jpg 600w, https:\/\/www.arleblanc.com\/wp-content\/uploads\/barbecue-800x533.jpg 800w, https:\/\/www.arleblanc.com\/wp-content\/uploads\/barbecue-1200x799.jpg 1200w, https:\/\/www.arleblanc.com\/wp-content\/uploads\/barbecue.jpg 1400w\" data-sizes=\"auto\" data-orig-sizes=\"(min-width: 2200px) 100vw, (min-width: 712px) 698px, (min-width: 640px) 712px, \" \/><\/div><\/a><\/div><\/div><\/div><\/div><\/div><\/div><div class=\"fusion-layout-column fusion_builder_column fusion-builder-column-8 fusion_builder_column_1_1 1_1 fusion-flex-column\" style=\"--awb-bg-size:cover;--awb-width-large:100%;--awb-margin-top-large:50px;--awb-spacing-right-large:1.92%;--awb-margin-bottom-large:80px;--awb-spacing-left-large:1.92%;--awb-width-medium:100%;--awb-order-medium:0;--awb-spacing-right-medium:1.92%;--awb-spacing-left-medium:1.92%;--awb-width-small:100%;--awb-order-small:0;--awb-spacing-right-small:1.92%;--awb-spacing-left-small:1.92%;\" data-scroll-devices=\"small-visibility,medium-visibility,large-visibility\"><div class=\"fusion-column-wrapper fusion-column-has-shadow fusion-flex-justify-content-flex-start fusion-content-layout-column\"><div class=\"fusion-separator fusion-full-width-sep\" style=\"align-self: center;margin-left: auto;margin-right: auto;width:100%;\"><div class=\"fusion-separator-border sep-single sep-solid\" style=\"--awb-height:20px;--awb-amount:20px;border-color:#e0dede;border-top-width:1px;\"><\/div><\/div><\/div><\/div><div class=\"fusion-layout-column fusion_builder_column fusion-builder-column-9 fusion_builder_column_3_4 3_4 fusion-flex-column lesaviezvous\" style=\"--awb-bg-size:cover;--awb-width-large:75%;--awb-margin-top-large:0px;--awb-spacing-right-large:2.56%;--awb-margin-bottom-large:20px;--awb-spacing-left-large:2.56%;--awb-width-medium:100%;--awb-order-medium:0;--awb-spacing-right-medium:1.92%;--awb-spacing-left-medium:1.92%;--awb-width-small:100%;--awb-order-small:0;--awb-spacing-right-small:1.92%;--awb-spacing-left-small:1.92%;\" data-scroll-devices=\"small-visibility,medium-visibility,large-visibility\"><div class=\"fusion-column-wrapper fusion-column-has-shadow fusion-flex-justify-content-flex-start fusion-content-layout-column\"><div class=\"fusion-text fusion-text-5 lesaviezvous-title\"><p>WUSSTEN SIE?<\/p>\n<\/div><div class=\"fusion-text fusion-text-6 lesaviezvous-txt\"><p><strong>Unser Umweltengagement<\/strong><\/p>\n<p>Wir haben das Gl\u00fcck, in einer so einzigartigen Naturlandschaft zu leben, und engagieren uns deshalb seit vielen Jahren stark f\u00fcr den Umweltschutz. Um unseren Planeten zu sch\u00fctzen, nutzen wir Solaranlagen, setzen umfassende Recyclingprogramme um, installieren energieeffiziente LED-Beleuchtung und verwenden wassersparende Armaturen. Ihre Gem\u00fcseschalen und Ihr altes Brot sind \u00fcbrigens \u00e4u\u00dferst n\u00fctzlich: Unsere H\u00fchner und Kaninchen auf dem kleinen Bauernhof freuen sich sehr dar\u00fcber.<\/p>\n<p><strong>Alles in unmittelbarer N\u00e4he<\/strong><\/p>\n<p>Lust auf einen sch\u00f6nen Spaziergang? Das charmante Dorf Rosi\u00e8res ist nur 3 km entfernt, Joyeuse sogar nur 5 km. Aber mal ehrlich: Sie m\u00fcssen den Campingplatz gar nicht verlassen; wir bieten Ihnen wirklich jeden erdenklichen Komfort. Mit unserer hervorragenden Gastronomie, dem eigenen Servicebereich und den umfassenden Sport- und Wellnesseinrichtungen ist alles bequem erreichbar.<\/p>\n<\/div><\/div><\/div><\/div><\/div><\/p>\n","protected":false},"excerpt":{"rendered":"","protected":false},"author":1,"featured_media":4131,"parent":4029,"menu_order":0,"comment_status":"closed","ping_status":"closed","template":"100-width.php","meta":{"_acf_changed":false,"footnotes":""},"class_list":["post-4129","page","type-page","status-publish","has-post-thumbnail","hentry"],"acf":[],"_links":{"self":[{"href":"https:\/\/www.arleblanc.com\/de\/wp-json\/wp\/v2\/pages\/4129","targetHints":{"allow":["GET"]}}],"collection":[{"href":"https:\/\/www.arleblanc.com\/de\/wp-json\/wp\/v2\/pages"}],"about":[{"href":"https:\/\/www.arleblanc.com\/de\/wp-json\/wp\/v2\/types\/page"}],"author":[{"embeddable":true,"href":"https:\/\/www.arleblanc.com\/de\/wp-json\/wp\/v2\/users\/1"}],"replies":[{"embeddable":true,"href":"https:\/\/www.arleblanc.com\/de\/wp-json\/wp\/v2\/comments?post=4129"}],"version-history":[{"count":5,"href":"https:\/\/www.arleblanc.com\/de\/wp-json\/wp\/v2\/pages\/4129\/revisions"}],"predecessor-version":[{"id":5526,"href":"https:\/\/www.arleblanc.com\/de\/wp-json\/wp\/v2\/pages\/4129\/revisions\/5526"}],"up":[{"embeddable":true,"href":"https:\/\/www.arleblanc.com\/de\/wp-json\/wp\/v2\/pages\/4029"}],"wp:featuredmedia":[{"embeddable":true,"href":"https:\/\/www.arleblanc.com\/de\/wp-json\/wp\/v2\/media\/4131"}],"wp:attachment":[{"href":"https:\/\/www.arleblanc.com\/de\/wp-json\/wp\/v2\/media?parent=4129"}],"curies":[{"name":"wp","href":"https:\/\/api.w.org\/{rel}","templated":true}]}}