{"id":4136,"date":"2025-04-16T16:18:33","date_gmt":"2025-04-16T14:18:33","guid":{"rendered":"https:\/\/www.arleblanc.com\/les-animations-et-activites\/les-animations\/"},"modified":"2025-11-20T14:38:35","modified_gmt":"2025-11-20T13:38:35","slug":"abendprogramm","status":"publish","type":"page","link":"https:\/\/www.arleblanc.com\/de\/unterhaltung-und-aktivitaeten\/abendprogramm\/","title":{"rendered":"Abendprogramm"},"content":{"rendered":"<p><div class=\"fusion-fullwidth fullwidth-box fusion-builder-row-1 fusion-flex-container has-pattern-background has-mask-background nonhundred-percent-fullwidth non-hundred-percent-height-scrolling\" style=\"--awb-border-radius-top-left:0px;--awb-border-radius-top-right:0px;--awb-border-radius-bottom-right:0px;--awb-border-radius-bottom-left:0px;--awb-flex-wrap:wrap;\" ><div class=\"fusion-builder-row fusion-row fusion-flex-align-items-flex-start fusion-flex-justify-content-center fusion-flex-content-wrap\" style=\"max-width:1456px;margin-left: calc(-4% \/ 2 );margin-right: calc(-4% \/ 2 );\"><div class=\"fusion-layout-column fusion_builder_column fusion-builder-column-0 fusion_builder_column_1_2 1_2 fusion-flex-column\" style=\"--awb-bg-size:cover;--awb-width-large:50%;--awb-margin-top-large:0px;--awb-spacing-right-large:3.84%;--awb-margin-bottom-large:20px;--awb-spacing-left-large:3.84%;--awb-width-medium:100%;--awb-order-medium:0;--awb-spacing-right-medium:1.92%;--awb-spacing-left-medium:1.92%;--awb-width-small:100%;--awb-order-small:0;--awb-spacing-right-small:1.92%;--awb-spacing-left-small:1.92%;\"><div class=\"fusion-column-wrapper fusion-column-has-shadow fusion-flex-justify-content-flex-start fusion-content-layout-column\"><div class=\"fusion-title title fusion-title-1 fusion-title-text fusion-title-size-two\"><div class=\"title-sep-container title-sep-container-left fusion-no-large-visibility fusion-no-medium-visibility fusion-no-small-visibility\"><div class=\"title-sep sep-single sep-solid\" style=\"border-color:#d6d4d4;\"><\/div><\/div><span class=\"awb-title-spacer fusion-no-large-visibility fusion-no-medium-visibility fusion-no-small-visibility\"><\/span><h2 class=\"fusion-title-heading title-heading-left\" style=\"margin:0;\">Im Camping Arleblanc erwartet Sie jeden Tag eine neue \u00dcberraschung<\/h2><span class=\"awb-title-spacer\"><\/span><div class=\"title-sep-container title-sep-container-right\"><div class=\"title-sep sep-single sep-solid\" style=\"border-color:#d6d4d4;\"><\/div><\/div><\/div><div class=\"fusion-text fusion-text-1\"><p>Unser engagiertes Team aus professionellen und dynamischen Animateuren bietet ein abwechslungsreiches Unterhaltungsprogramm speziell f\u00fcr die ganze Familie. Von sportlichen Herausforderungen und purer Entspannung bis hin zu fantastischen Abendshows und jeder Menge Spa\u00df \u2013 wir bieten alles f\u00fcr ein unvergessliches Urlaubserlebnis.<\/p>\n<\/div><\/div><\/div><div class=\"fusion-layout-column fusion_builder_column fusion-builder-column-1 fusion_builder_column_1_2 1_2 fusion-flex-column\" style=\"--awb-bg-size:cover;--awb-width-large:50%;--awb-margin-top-large:0px;--awb-spacing-right-large:3.84%;--awb-margin-bottom-large:20px;--awb-spacing-left-large:3.84%;--awb-width-medium:100%;--awb-order-medium:0;--awb-spacing-right-medium:1.92%;--awb-spacing-left-medium:1.92%;--awb-width-small:100%;--awb-order-small:0;--awb-spacing-right-small:1.92%;--awb-spacing-left-small:1.92%;\"><div class=\"fusion-column-wrapper fusion-column-has-shadow fusion-flex-justify-content-flex-start fusion-content-layout-column\"><div class=\"fusion-title title fusion-title-2 fusion-title-text fusion-title-size-two\"><div class=\"title-sep-container title-sep-container-left fusion-no-large-visibility fusion-no-medium-visibility fusion-no-small-visibility\"><div class=\"title-sep sep-single sep-solid\" style=\"border-color:#d6d4d4;\"><\/div><\/div><span class=\"awb-title-spacer fusion-no-large-visibility fusion-no-medium-visibility fusion-no-small-visibility\"><\/span><h2 class=\"fusion-title-heading title-heading-left\" style=\"margin:0;\">Erleben Sie einen unvergesslichen Sommer hier in der Ard\u00e8che!<\/h2><span class=\"awb-title-spacer\"><\/span><div class=\"title-sep-container title-sep-container-right\"><div class=\"title-sep sep-single sep-solid\" style=\"border-color:#d6d4d4;\"><\/div><\/div><\/div><div class=\"fusion-text fusion-text-2\"><p>Unser engagiertes Animationsteam sorgt mit einem abwechslungsreichen Programm daf\u00fcr, dass alle Altersgruppen auf ihre Kosten kommen! Der Tag steckt voller M\u00f6glichkeiten: Nehmen Sie an erfrischender Wassergymnastik oder spannenden Sportturnieren teil, wagen Sie ein lustiges Luftmatratzenrennen auf dem Fluss oder erkunden Sie die Umgebung bei einer gef\u00fchrten Wanderung oder Mountainbike-Tour. Nat\u00fcrlich k\u00f6nnen Sie den klaren Fluss auch paddelnd erkunden oder Ihre Treffsicherheit beim Boule-Turnier testen. Ein Highlight, das Sie nicht verpassen sollten: unsere legend\u00e4re Poolparty!<\/p>\n<\/div><\/div><\/div><div class=\"fusion-layout-column fusion_builder_column fusion-builder-column-2 fusion_builder_column_1_2 1_2 fusion-flex-column\" style=\"--awb-bg-size:cover;--awb-width-large:50%;--awb-margin-top-large:0px;--awb-spacing-right-large:3.84%;--awb-margin-bottom-large:20px;--awb-spacing-left-large:3.84%;--awb-width-medium:100%;--awb-order-medium:0;--awb-spacing-right-medium:1.92%;--awb-spacing-left-medium:1.92%;--awb-width-small:100%;--awb-order-small:0;--awb-spacing-right-small:1.92%;--awb-spacing-left-small:1.92%;\"><div class=\"fusion-column-wrapper fusion-column-has-shadow fusion-flex-justify-content-flex-start fusion-content-layout-column\"><div class=\"fusion-title title fusion-title-3 fusion-title-text fusion-title-size-two\"><div class=\"title-sep-container title-sep-container-left fusion-no-large-visibility fusion-no-medium-visibility fusion-no-small-visibility\"><div class=\"title-sep sep-single sep-solid\" style=\"border-color:#d6d4d4;\"><\/div><\/div><span class=\"awb-title-spacer fusion-no-large-visibility fusion-no-medium-visibility fusion-no-small-visibility\"><\/span><h2 class=\"fusion-title-heading title-heading-left\" style=\"margin:0;\">Unser Mini Club ist der perfekte Ort f\u00fcr Kinder im Alter von 5 bis 12 Jahren!<\/h2><span class=\"awb-title-spacer\"><\/span><div class=\"title-sep-container title-sep-container-right\"><div class=\"title-sep sep-single sep-solid\" style=\"border-color:#d6d4d4;\"><\/div><\/div><\/div><div class=\"fusion-text fusion-text-3\"><p>Jede Woche erwartet die Kinder ein neues Abenteuer voller spannender Themen, lustiger Bastelarbeiten, Theater und lebhaften Spielen. Unter der liebevollen Anleitung unserer engagierten Betreuer kn\u00fcpfen die Kinder schnell neue Freundschaften und kr\u00f6nen die Woche mit einer spektakul\u00e4ren, unvergesslichen Auff\u00fchrung direkt auf dem Dorfplatz. Machen Sie diesen Sommer zu einem unvergesslichen Erlebnis f\u00fcr Ihr Kind!<\/p>\n<\/div><\/div><\/div><div class=\"fusion-layout-column fusion_builder_column fusion-builder-column-3 fusion_builder_column_1_2 1_2 fusion-flex-column\" style=\"--awb-bg-size:cover;--awb-width-large:50%;--awb-margin-top-large:0px;--awb-spacing-right-large:3.84%;--awb-margin-bottom-large:20px;--awb-spacing-left-large:3.84%;--awb-width-medium:100%;--awb-order-medium:0;--awb-spacing-right-medium:1.92%;--awb-spacing-left-medium:1.92%;--awb-width-small:100%;--awb-order-small:0;--awb-spacing-right-small:1.92%;--awb-spacing-left-small:1.92%;\"><div class=\"fusion-column-wrapper fusion-column-has-shadow fusion-flex-justify-content-flex-start fusion-content-layout-column\"><div class=\"fusion-title title fusion-title-4 fusion-title-text fusion-title-size-two\"><div class=\"title-sep-container title-sep-container-left fusion-no-large-visibility fusion-no-medium-visibility fusion-no-small-visibility\"><div class=\"title-sep sep-single sep-solid\" style=\"border-color:#d6d4d4;\"><\/div><\/div><span class=\"awb-title-spacer fusion-no-large-visibility fusion-no-medium-visibility fusion-no-small-visibility\"><\/span><h2 class=\"fusion-title-heading title-heading-left\" style=\"margin:0;\">Erleben Sie einen unvergesslichen Sommer voller Spa\u00df auf Camping Arleblanc!<\/h2><span class=\"awb-title-spacer\"><\/span><div class=\"title-sep-container title-sep-container-right\"><div class=\"title-sep sep-single sep-solid\" style=\"border-color:#d6d4d4;\"><\/div><\/div><\/div><div class=\"fusion-text fusion-text-4\"><p>Im Juli und August erwartet Sie ein abwechslungsreiches Abendprogramm mit Live-Musik, Bingo, Tanzabenden, faszinierenden Hypnose-Shows, mitrei\u00dfender Flamenco-Musik, Zirkusvorstellungen und vielem mehr. F\u00fcr Unterhaltung ist f\u00fcr jedes Alter etwas dabei! Und jeden Montag, Mittwoch und Freitag im Juli und August profitieren Sie von unseren tollen Angeboten! Montags erhalten Sie 4 leckere Cocktails zum Preis von 3; mittwochs k\u00f6nnen Sie unsere Pfannkuchenparty mit 4 Pfannkuchen zum Preis von 3 genie\u00dfen. Und freitags g\u00f6nnen Sie sich einen k\u00f6stlichen Eisbecher oder ein erfrischendes Sorbet \u2013 3 kaufen,\u00a0 vierte gratis!<\/p>\n<\/div><\/div><\/div><div class=\"fusion-layout-column fusion_builder_column fusion-builder-column-4 fusion_builder_column_1_1 1_1 fusion-flex-column\" style=\"--awb-bg-size:cover;--awb-width-large:100%;--awb-margin-top-large:0px;--awb-spacing-right-large:1.92%;--awb-margin-bottom-large:20px;--awb-spacing-left-large:1.92%;--awb-width-medium:100%;--awb-order-medium:0;--awb-spacing-right-medium:1.92%;--awb-spacing-left-medium:1.92%;--awb-width-small:100%;--awb-order-small:0;--awb-spacing-right-small:1.92%;--awb-spacing-left-small:1.92%;\"><div class=\"fusion-column-wrapper fusion-column-has-shadow fusion-flex-justify-content-flex-start fusion-content-layout-column\"><div class=\"fusion-text fusion-text-5\"><p><strong>Unser Ziel ist einfach und klar<\/strong><br \/>\nWir m\u00f6chten sicherstellen, dass jeder Gast unvergessliche Erinnerungen sammelt, an die er sich gerne mit seiner Familie und seinen engsten Freunden zur\u00fcckerinnert und die er in Ehren h\u00e4lt.<\/p>\n<p><strong>Das Wichtigste<\/strong><br \/>\nDamit Sie den Urlaub bekommen, den Sie verdienen!<\/p>\n<\/div><\/div><\/div><div class=\"fusion-layout-column fusion_builder_column fusion-builder-column-5 fusion_builder_column_1_3 1_3 fusion-flex-column\" style=\"--awb-bg-size:cover;--awb-width-large:33.333333333333%;--awb-margin-top-large:0px;--awb-spacing-right-large:5.76%;--awb-margin-bottom-large:20px;--awb-spacing-left-large:5.76%;--awb-width-medium:100%;--awb-order-medium:0;--awb-spacing-right-medium:1.92%;--awb-spacing-left-medium:1.92%;--awb-width-small:100%;--awb-order-small:0;--awb-spacing-right-small:1.92%;--awb-spacing-left-small:1.92%;\"><div class=\"fusion-column-wrapper fusion-column-has-shadow fusion-flex-justify-content-flex-start fusion-content-layout-column\"><div class=\"fusion-image-element \" style=\"text-align:center;--awb-caption-title-font-family:var(--h2_typography-font-family);--awb-caption-title-font-weight:var(--h2_typography-font-weight);--awb-caption-title-font-style:var(--h2_typography-font-style);--awb-caption-title-size:var(--h2_typography-font-size);--awb-caption-title-transform:var(--h2_typography-text-transform);--awb-caption-title-line-height:var(--h2_typography-line-height);--awb-caption-title-letter-spacing:var(--h2_typography-letter-spacing);\"><span class=\" fusion-imageframe imageframe-none imageframe-1 hover-type-none\"><a href=\"https:\/\/www.arleblanc.com\/wp-content\/uploads\/animations-soirees-juillet-2025.jpg\" class=\"fusion-lightbox\" data-rel=\"iLightbox[c46614f4b31621ce24a]\" data-title=\"Animations Soir\u00e9es Juillet 2025 | Restaurant Arleblanc\" title=\"Animations Soir\u00e9es Juillet 2025 | Restaurant Arleblanc\"><img decoding=\"async\" width=\"300\" height=\"212\" alt=\"Animations Soir\u00e9es Juillet 2025 | Restaurant Arleblanc\" src=\"https:\/\/www.arleblanc.com\/wp-content\/uploads\/animations-soirees-juillet-2025.jpg\" data-orig-src=\"https:\/\/www.arleblanc.com\/wp-content\/uploads\/animations-soirees-juillet-2025-300x212.jpg\" class=\"lazyload img-responsive wp-image-5181\" srcset=\"data:image\/svg+xml,%3Csvg%20xmlns%3D%27http%3A%2F%2Fwww.w3.org%2F2000%2Fsvg%27%20width%3D%271400%27%20height%3D%27990%27%20viewBox%3D%270%200%201400%20990%27%3E%3Crect%20width%3D%271400%27%20height%3D%27990%27%20fill-opacity%3D%220%22%2F%3E%3C%2Fsvg%3E\" data-srcset=\"https:\/\/www.arleblanc.com\/wp-content\/uploads\/animations-soirees-juillet-2025-200x141.jpg 200w, https:\/\/www.arleblanc.com\/wp-content\/uploads\/animations-soirees-juillet-2025-400x283.jpg 400w, https:\/\/www.arleblanc.com\/wp-content\/uploads\/animations-soirees-juillet-2025-600x424.jpg 600w, https:\/\/www.arleblanc.com\/wp-content\/uploads\/animations-soirees-juillet-2025-800x566.jpg 800w, https:\/\/www.arleblanc.com\/wp-content\/uploads\/animations-soirees-juillet-2025-1200x849.jpg 1200w, https:\/\/www.arleblanc.com\/wp-content\/uploads\/animations-soirees-juillet-2025.jpg 1400w\" data-sizes=\"auto\" data-orig-sizes=\"(max-width: 1024px) 100vw, (max-width: 640px) 100vw, 600px\" \/><\/a><\/span><\/div><div class=\"fusion-separator fusion-full-width-sep\" style=\"align-self: center;margin-left: auto;margin-right: auto;margin-top:15px;width:100%;\"><\/div><div class=\"fusion-text fusion-text-6\"><p style=\"text-align: center;\">Abendprogramm Juli 2025<\/p>\n<\/div><\/div><\/div><div class=\"fusion-layout-column fusion_builder_column fusion-builder-column-6 fusion_builder_column_1_3 1_3 fusion-flex-column\" style=\"--awb-bg-size:cover;--awb-width-large:33.333333333333%;--awb-margin-top-large:0px;--awb-spacing-right-large:5.76%;--awb-margin-bottom-large:20px;--awb-spacing-left-large:5.76%;--awb-width-medium:100%;--awb-order-medium:0;--awb-spacing-right-medium:1.92%;--awb-spacing-left-medium:1.92%;--awb-width-small:100%;--awb-order-small:0;--awb-spacing-right-small:1.92%;--awb-spacing-left-small:1.92%;\"><div class=\"fusion-column-wrapper fusion-column-has-shadow fusion-flex-justify-content-flex-start fusion-content-layout-column\"><div class=\"fusion-image-element \" style=\"text-align:center;--awb-caption-title-font-family:var(--h2_typography-font-family);--awb-caption-title-font-weight:var(--h2_typography-font-weight);--awb-caption-title-font-style:var(--h2_typography-font-style);--awb-caption-title-size:var(--h2_typography-font-size);--awb-caption-title-transform:var(--h2_typography-text-transform);--awb-caption-title-line-height:var(--h2_typography-line-height);--awb-caption-title-letter-spacing:var(--h2_typography-letter-spacing);\"><span class=\" fusion-imageframe imageframe-none imageframe-2 hover-type-none\"><a href=\"https:\/\/www.arleblanc.com\/wp-content\/uploads\/animations-soirees-aout-2025.jpg\" class=\"fusion-lightbox\" data-rel=\"iLightbox[9bc3ad83b8eb1aef5f2]\" data-title=\"Animations Soir\u00e9es Ao\u00fbt 2025 | Restaurant Arleblanc\" title=\"Animations Soir\u00e9es Ao\u00fbt 2025 | Restaurant Arleblanc\"><img decoding=\"async\" width=\"300\" height=\"212\" alt=\"Animations Soir\u00e9es Ao\u00fbt 2025 | Restaurant Arleblanc\" src=\"https:\/\/www.arleblanc.com\/wp-content\/uploads\/animations-soirees-aout-2025.jpg\" data-orig-src=\"https:\/\/www.arleblanc.com\/wp-content\/uploads\/animations-soirees-aout-2025-300x212.jpg\" class=\"lazyload img-responsive wp-image-5178\" srcset=\"data:image\/svg+xml,%3Csvg%20xmlns%3D%27http%3A%2F%2Fwww.w3.org%2F2000%2Fsvg%27%20width%3D%271400%27%20height%3D%27990%27%20viewBox%3D%270%200%201400%20990%27%3E%3Crect%20width%3D%271400%27%20height%3D%27990%27%20fill-opacity%3D%220%22%2F%3E%3C%2Fsvg%3E\" data-srcset=\"https:\/\/www.arleblanc.com\/wp-content\/uploads\/animations-soirees-aout-2025-200x141.jpg 200w, https:\/\/www.arleblanc.com\/wp-content\/uploads\/animations-soirees-aout-2025-400x283.jpg 400w, https:\/\/www.arleblanc.com\/wp-content\/uploads\/animations-soirees-aout-2025-600x424.jpg 600w, https:\/\/www.arleblanc.com\/wp-content\/uploads\/animations-soirees-aout-2025-800x566.jpg 800w, https:\/\/www.arleblanc.com\/wp-content\/uploads\/animations-soirees-aout-2025-1200x849.jpg 1200w, https:\/\/www.arleblanc.com\/wp-content\/uploads\/animations-soirees-aout-2025.jpg 1400w\" data-sizes=\"auto\" data-orig-sizes=\"(max-width: 1024px) 100vw, (max-width: 640px) 100vw, 600px\" \/><\/a><\/span><\/div><div class=\"fusion-separator fusion-full-width-sep\" style=\"align-self: center;margin-left: auto;margin-right: auto;margin-top:15px;width:100%;\"><\/div><div class=\"fusion-text fusion-text-7\"><p style=\"text-align: center;\">Abendprogramm August 2025<\/p>\n<\/div><\/div><\/div><\/div><\/div><div class=\"fusion-fullwidth fullwidth-box fusion-builder-row-2 fusion-flex-container has-pattern-background has-mask-background bg-jaune hundred-percent-fullwidth non-hundred-percent-height-scrolling\" style=\"--awb-border-radius-top-left:0px;--awb-border-radius-top-right:0px;--awb-border-radius-bottom-right:0px;--awb-border-radius-bottom-left:0px;--awb-padding-top:0px;--awb-padding-bottom:15px;--awb-margin-top:30px;--awb-flex-wrap:wrap;\" ><div class=\"fusion-builder-row fusion-row fusion-flex-align-items-center fusion-flex-content-wrap\" style=\"width:104% !important;max-width:104% !important;margin-left: calc(-4% \/ 2 );margin-right: calc(-4% \/ 2 );\"><div class=\"fusion-layout-column fusion_builder_column fusion-builder-column-7 fusion_builder_column_1_1 1_1 fusion-flex-column\" style=\"--awb-padding-top:30px;--awb-bg-size:cover;--awb-width-large:100%;--awb-margin-top-large:0px;--awb-spacing-right-large:1.92%;--awb-margin-bottom-large:20px;--awb-spacing-left-large:1.92%;--awb-width-medium:100%;--awb-order-medium:0;--awb-spacing-right-medium:1.92%;--awb-spacing-left-medium:1.92%;--awb-width-small:100%;--awb-order-small:0;--awb-spacing-right-small:1.92%;--awb-spacing-left-small:1.92%;\" data-scroll-devices=\"small-visibility,medium-visibility,large-visibility\"><div class=\"fusion-column-wrapper fusion-column-has-shadow fusion-flex-justify-content-flex-start fusion-content-layout-column\"><div class=\"awb-gallery-wrapper awb-gallery-wrapper-1 button-span-no\" style=\"--more-btn-alignment:center;\"><div style=\"margin:-5px;--awb-bordersize:0px;\" class=\"fusion-gallery fusion-gallery-container fusion-grid-4 fusion-columns-total-4 fusion-gallery-layout-masonry fusion-gallery-1\"><div class=\"fusion-grid-column fusion-gallery-column fusion-gallery-column-4 hover-type-zoomin fusion-grid-sizer\"><\/div><div style=\"padding:5px;\" class=\"fusion-grid-column fusion-gallery-column fusion-gallery-column-4 hover-type-zoomin fusion-element-grid\"><div class=\"fusion-gallery-image\"><a href=\"https:\/\/www.arleblanc.com\/wp-content\/uploads\/les-animations.jpg\" rel=\"noreferrer\" data-rel=\"iLightbox[gallery_image_1]\" class=\"fusion-lightbox\" target=\"_self\"><div style=\"padding-top:calc((100% + 10px) * 0.8 - 5px);background-position:;\" class=\"fusion-masonry-element-container lazyload\" data-bg=\"https:\/\/www.arleblanc.com\/wp-content\/uploads\/les-animations.jpg\"><img decoding=\"async\" src=\"https:\/\/www.arleblanc.com\/wp-content\/uploads\/les-animations.jpg\" data-orig-src=\"https:\/\/www.arleblanc.com\/wp-content\/uploads\/les-animations.jpg\" width=\"1400\" height=\"933\" alt=\"Les animations\" title=\"Les animations\" aria-label=\"Les animations\" class=\"lazyload img-responsive wp-image-1260\" srcset=\"data:image\/svg+xml,%3Csvg%20xmlns%3D%27http%3A%2F%2Fwww.w3.org%2F2000%2Fsvg%27%20width%3D%271400%27%20height%3D%27933%27%20viewBox%3D%270%200%201400%20933%27%3E%3Crect%20width%3D%271400%27%20height%3D%27933%27%20fill-opacity%3D%220%22%2F%3E%3C%2Fsvg%3E\" data-srcset=\"https:\/\/www.arleblanc.com\/wp-content\/uploads\/les-animations-200x133.jpg 200w, https:\/\/www.arleblanc.com\/wp-content\/uploads\/les-animations-400x267.jpg 400w, https:\/\/www.arleblanc.com\/wp-content\/uploads\/les-animations-600x400.jpg 600w, https:\/\/www.arleblanc.com\/wp-content\/uploads\/les-animations-800x533.jpg 800w, https:\/\/www.arleblanc.com\/wp-content\/uploads\/les-animations-1200x800.jpg 1200w, https:\/\/www.arleblanc.com\/wp-content\/uploads\/les-animations.jpg 1400w\" data-sizes=\"auto\" data-orig-sizes=\"(min-width: 2200px) 100vw, (min-width: 856px) 346px, (min-width: 784px) 462px, (min-width: 712px) 693px, (min-width: 640px) 712px, \" \/><\/div><\/a><\/div><\/div><div style=\"padding:5px;\" class=\"fusion-grid-column fusion-gallery-column fusion-gallery-column-4 hover-type-zoomin fusion-element-grid\"><div class=\"fusion-gallery-image\"><a href=\"https:\/\/www.arleblanc.com\/wp-content\/uploads\/animation-3.jpg\" rel=\"noreferrer\" data-rel=\"iLightbox[gallery_image_1]\" class=\"fusion-lightbox\" target=\"_self\"><div style=\"padding-top:calc((100% + 10px) * 0.8 - 5px);background-position:;\" class=\"fusion-masonry-element-container lazyload\" data-bg=\"https:\/\/www.arleblanc.com\/wp-content\/uploads\/animation-3.jpg\"><img decoding=\"async\" src=\"https:\/\/www.arleblanc.com\/wp-content\/uploads\/animation-3.jpg\" data-orig-src=\"https:\/\/www.arleblanc.com\/wp-content\/uploads\/animation-3.jpg\" width=\"1400\" height=\"934\" alt=\"Animations\" title=\"\" aria-label=\"\" class=\"lazyload img-responsive wp-image-2163\" srcset=\"data:image\/svg+xml,%3Csvg%20xmlns%3D%27http%3A%2F%2Fwww.w3.org%2F2000%2Fsvg%27%20width%3D%271400%27%20height%3D%27934%27%20viewBox%3D%270%200%201400%20934%27%3E%3Crect%20width%3D%271400%27%20height%3D%27934%27%20fill-opacity%3D%220%22%2F%3E%3C%2Fsvg%3E\" data-srcset=\"https:\/\/www.arleblanc.com\/wp-content\/uploads\/animation-3-200x133.jpg 200w, https:\/\/www.arleblanc.com\/wp-content\/uploads\/animation-3-400x267.jpg 400w, https:\/\/www.arleblanc.com\/wp-content\/uploads\/animation-3-600x400.jpg 600w, https:\/\/www.arleblanc.com\/wp-content\/uploads\/animation-3-800x534.jpg 800w, https:\/\/www.arleblanc.com\/wp-content\/uploads\/animation-3-1200x801.jpg 1200w, https:\/\/www.arleblanc.com\/wp-content\/uploads\/animation-3.jpg 1400w\" data-sizes=\"auto\" data-orig-sizes=\"(min-width: 2200px) 100vw, (min-width: 856px) 346px, (min-width: 784px) 462px, (min-width: 712px) 693px, (min-width: 640px) 712px, \" \/><\/div><\/a><\/div><\/div><div style=\"padding:5px;\" class=\"fusion-grid-column fusion-gallery-column fusion-gallery-column-4 hover-type-zoomin fusion-element-grid\"><div class=\"fusion-gallery-image\"><a href=\"https:\/\/www.arleblanc.com\/wp-content\/uploads\/animation-2.jpg\" rel=\"noreferrer\" data-rel=\"iLightbox[gallery_image_1]\" class=\"fusion-lightbox\" target=\"_self\"><div style=\"padding-top:calc((100% + 10px) * 0.8 - 5px);background-position:;\" class=\"fusion-masonry-element-container lazyload\" data-bg=\"https:\/\/www.arleblanc.com\/wp-content\/uploads\/animation-2.jpg\"><img decoding=\"async\" src=\"https:\/\/www.arleblanc.com\/wp-content\/uploads\/animation-2.jpg\" data-orig-src=\"https:\/\/www.arleblanc.com\/wp-content\/uploads\/animation-2.jpg\" width=\"1400\" height=\"1050\" alt=\"Animations\" title=\"\" aria-label=\"\" class=\"lazyload img-responsive wp-image-2162\" srcset=\"data:image\/svg+xml,%3Csvg%20xmlns%3D%27http%3A%2F%2Fwww.w3.org%2F2000%2Fsvg%27%20width%3D%271400%27%20height%3D%271050%27%20viewBox%3D%270%200%201400%201050%27%3E%3Crect%20width%3D%271400%27%20height%3D%271050%27%20fill-opacity%3D%220%22%2F%3E%3C%2Fsvg%3E\" data-srcset=\"https:\/\/www.arleblanc.com\/wp-content\/uploads\/animation-2-200x150.jpg 200w, https:\/\/www.arleblanc.com\/wp-content\/uploads\/animation-2-400x300.jpg 400w, https:\/\/www.arleblanc.com\/wp-content\/uploads\/animation-2-600x450.jpg 600w, https:\/\/www.arleblanc.com\/wp-content\/uploads\/animation-2-800x600.jpg 800w, https:\/\/www.arleblanc.com\/wp-content\/uploads\/animation-2-1200x900.jpg 1200w, https:\/\/www.arleblanc.com\/wp-content\/uploads\/animation-2.jpg 1400w\" data-sizes=\"auto\" data-orig-sizes=\"(min-width: 2200px) 100vw, (min-width: 856px) 346px, (min-width: 784px) 462px, (min-width: 712px) 693px, (min-width: 640px) 712px, \" \/><\/div><\/a><\/div><\/div><div style=\"padding:5px;\" class=\"fusion-grid-column fusion-gallery-column fusion-gallery-column-4 hover-type-zoomin fusion-element-grid\"><div class=\"fusion-gallery-image\"><a href=\"https:\/\/www.arleblanc.com\/wp-content\/uploads\/animation-1.jpg\" rel=\"noreferrer\" data-rel=\"iLightbox[gallery_image_1]\" class=\"fusion-lightbox\" target=\"_self\"><div style=\"padding-top:calc((100% + 10px) * 0.8 - 5px);background-position:;\" class=\"fusion-masonry-element-container lazyload\" data-bg=\"https:\/\/www.arleblanc.com\/wp-content\/uploads\/animation-1.jpg\"><img decoding=\"async\" src=\"https:\/\/www.arleblanc.com\/wp-content\/uploads\/animation-1.jpg\" data-orig-src=\"https:\/\/www.arleblanc.com\/wp-content\/uploads\/animation-1.jpg\" width=\"1400\" height=\"934\" alt=\"Animations\" title=\"\" aria-label=\"\" class=\"lazyload img-responsive wp-image-2161\" srcset=\"data:image\/svg+xml,%3Csvg%20xmlns%3D%27http%3A%2F%2Fwww.w3.org%2F2000%2Fsvg%27%20width%3D%271400%27%20height%3D%27934%27%20viewBox%3D%270%200%201400%20934%27%3E%3Crect%20width%3D%271400%27%20height%3D%27934%27%20fill-opacity%3D%220%22%2F%3E%3C%2Fsvg%3E\" data-srcset=\"https:\/\/www.arleblanc.com\/wp-content\/uploads\/animation-1-200x133.jpg 200w, https:\/\/www.arleblanc.com\/wp-content\/uploads\/animation-1-400x267.jpg 400w, https:\/\/www.arleblanc.com\/wp-content\/uploads\/animation-1-600x400.jpg 600w, https:\/\/www.arleblanc.com\/wp-content\/uploads\/animation-1-800x534.jpg 800w, https:\/\/www.arleblanc.com\/wp-content\/uploads\/animation-1-1200x801.jpg 1200w, https:\/\/www.arleblanc.com\/wp-content\/uploads\/animation-1.jpg 1400w\" data-sizes=\"auto\" data-orig-sizes=\"(min-width: 2200px) 100vw, (min-width: 856px) 346px, (min-width: 784px) 462px, (min-width: 712px) 693px, (min-width: 640px) 712px, \" \/><\/div><\/a><\/div><\/div><\/div><\/div><\/div><\/div><\/div><\/div><\/p>\n","protected":false},"excerpt":{"rendered":"","protected":false},"author":1,"featured_media":4137,"parent":4032,"menu_order":0,"comment_status":"closed","ping_status":"closed","template":"100-width.php","meta":{"_acf_changed":false,"footnotes":""},"class_list":["post-4136","page","type-page","status-publish","has-post-thumbnail","hentry"],"acf":[],"_links":{"self":[{"href":"https:\/\/www.arleblanc.com\/de\/wp-json\/wp\/v2\/pages\/4136","targetHints":{"allow":["GET"]}}],"collection":[{"href":"https:\/\/www.arleblanc.com\/de\/wp-json\/wp\/v2\/pages"}],"about":[{"href":"https:\/\/www.arleblanc.com\/de\/wp-json\/wp\/v2\/types\/page"}],"author":[{"embeddable":true,"href":"https:\/\/www.arleblanc.com\/de\/wp-json\/wp\/v2\/users\/1"}],"replies":[{"embeddable":true,"href":"https:\/\/www.arleblanc.com\/de\/wp-json\/wp\/v2\/comments?post=4136"}],"version-history":[{"count":4,"href":"https:\/\/www.arleblanc.com\/de\/wp-json\/wp\/v2\/pages\/4136\/revisions"}],"predecessor-version":[{"id":5335,"href":"https:\/\/www.arleblanc.com\/de\/wp-json\/wp\/v2\/pages\/4136\/revisions\/5335"}],"up":[{"embeddable":true,"href":"https:\/\/www.arleblanc.com\/de\/wp-json\/wp\/v2\/pages\/4032"}],"wp:featuredmedia":[{"embeddable":true,"href":"https:\/\/www.arleblanc.com\/de\/wp-json\/wp\/v2\/media\/4137"}],"wp:attachment":[{"href":"https:\/\/www.arleblanc.com\/de\/wp-json\/wp\/v2\/media?parent=4136"}],"curies":[{"name":"wp","href":"https:\/\/api.w.org\/{rel}","templated":true}]}}