{"id":4206,"date":"2025-03-17T14:42:26","date_gmt":"2025-03-17T13:42:26","guid":{"rendered":"https:\/\/www.arleblanc.com\/location-ardeche\/"},"modified":"2025-11-20T09:37:36","modified_gmt":"2025-11-20T08:37:36","slug":"unsere-unterkunfte","status":"publish","type":"page","link":"https:\/\/www.arleblanc.com\/de\/unsere-unterkunfte\/","title":{"rendered":"Mietunterk\u00fcnfte"},"content":{"rendered":"<p><div class=\"fusion-fullwidth fullwidth-box fusion-builder-row-1 fusion-flex-container has-pattern-background has-mask-background hundred-percent-fullwidth non-hundred-percent-height-scrolling\" style=\"--awb-border-radius-top-left:0px;--awb-border-radius-top-right:0px;--awb-border-radius-bottom-right:0px;--awb-border-radius-bottom-left:0px;--awb-margin-bottom:100px;--awb-margin-bottom-medium:50px;--awb-margin-bottom-small:30px;--awb-flex-wrap:wrap;\" ><div class=\"fusion-builder-row fusion-row fusion-flex-align-items-flex-start fusion-flex-justify-content-center fusion-flex-content-wrap\" style=\"width:104% !important;max-width:104% !important;margin-left: calc(-4% \/ 2 );margin-right: calc(-4% \/ 2 );\"><div class=\"fusion-layout-column fusion_builder_column fusion-builder-column-0 fusion_builder_column_1_1 1_1 fusion-flex-column\" style=\"--awb-bg-size:cover;--awb-width-large:100%;--awb-margin-top-large:0px;--awb-spacing-right-large:15px;--awb-margin-bottom-large:20px;--awb-spacing-left-large:15px;--awb-width-medium:100%;--awb-order-medium:0;--awb-spacing-right-medium:1.92%;--awb-spacing-left-medium:1.92%;--awb-width-small:100%;--awb-order-small:0;--awb-spacing-right-small:1.92%;--awb-spacing-left-small:1.92%;\" data-scroll-devices=\"small-visibility,medium-visibility,large-visibility\"><div class=\"fusion-column-wrapper fusion-column-has-shadow fusion-flex-justify-content-flex-start fusion-content-layout-column\"><div class=\"fusion-text fusion-text-1 txt-plus\" style=\"--awb-content-alignment:center;\"><p><b>Finden Sie Ihr perfektes Urlaubsdomizil<\/b><\/p>\n<p><strong>Egal mit wem Sie reisen, wir haben die perfekte Unterkunft f\u00fcr Sie<\/strong>. Ob Sie als Paar, Familie, Freundesgruppe oder sogar mit Hund oder Motorrad unterwegs sind \u2013 das Camping Arleblanc bietet die ideale Unterkunft oder den passenden Stellplatz f\u00fcr Ihre individuellen Bed\u00fcrfnisse.<\/p>\n<\/div><\/div><\/div><div class=\"fusion-layout-column fusion_builder_column fusion-builder-column-1 fusion_builder_column_1_2 1_2 fusion-flex-column\" style=\"--awb-bg-size:cover;--awb-width-large:50%;--awb-margin-top-large:0px;--awb-spacing-right-large:15px;--awb-margin-bottom-large:20px;--awb-spacing-left-large:15px;--awb-width-medium:100%;--awb-order-medium:0;--awb-spacing-right-medium:1.92%;--awb-spacing-left-medium:1.92%;--awb-width-small:100%;--awb-order-small:0;--awb-spacing-right-small:1.92%;--awb-spacing-left-small:1.92%;\" data-scroll-devices=\"small-visibility,medium-visibility,large-visibility\"><div class=\"fusion-column-wrapper fusion-column-has-shadow fusion-flex-justify-content-flex-start fusion-content-layout-column\"><div class=\"fusion-text fusion-text-2\"><p>Willkommen an einem <strong>traumhaften Ort in der s\u00fcdlichen Ard\u00e8che<\/strong>, direkt am Ufer des wundersch\u00f6nen Flusses La Beaume! W\u00e4hlen Sie aus unserer gro\u00dfen Vielfalt an erstklassigen Unterk\u00fcnften: Wir bieten Ihnen brandneue, <strong>komfortable Mobilheime<\/strong> mit modernstem Komfort, charmante, <strong>authentische Ferienh\u00e4user (G\u00eetes)<\/strong> und ger\u00e4umige, <strong>naturnahe Campingpl\u00e4tze<\/strong> f\u00fcr Ihr Zelt oder Wohnmobil.<\/p>\n<p><b>Wir freuen uns darauf, Sie in Ihrem Zuhause in der Ard\u00e8che begr\u00fc\u00dfen zu d\u00fcrfen!<\/b><\/p>\n<\/div><\/div><\/div><div class=\"fusion-layout-column fusion_builder_column fusion-builder-column-2 fusion_builder_column_1_1 1_1 fusion-flex-column accordeon\" style=\"--awb-bg-size:cover;--awb-width-large:100%;--awb-margin-top-large:0px;--awb-spacing-right-large:1.92%;--awb-margin-bottom-large:20px;--awb-spacing-left-large:1.92%;--awb-width-medium:100%;--awb-order-medium:0;--awb-spacing-right-medium:1.92%;--awb-spacing-left-medium:1.92%;--awb-width-small:100%;--awb-order-small:0;--awb-spacing-right-small:1.92%;--awb-spacing-left-small:1.92%;\" data-scroll-devices=\"small-visibility,medium-visibility,large-visibility\"><div class=\"fusion-column-wrapper fusion-column-has-shadow fusion-flex-justify-content-flex-start fusion-content-layout-column\"><ul style=\"--awb-line-height:27.2px;--awb-icon-width:27.2px;--awb-icon-height:27.2px;--awb-icon-margin:11.2px;--awb-content-margin:38.4px;\" class=\"fusion-checklist fusion-checklist-1 fusion-checklist-default type-icons\"><li class=\"fusion-li-item\" style=\"\"><span class=\"icon-wrapper circle-no\"><i class=\"fusion-li-icon awb-icon-check\" aria-hidden=\"true\"><\/i><\/span><div class=\"fusion-li-item-content\">\n<h2>Stellpl\u00e4tze <span class=\"stitle\">in der s\u00fcdlichen Ard\u00e8che<\/span><\/h2>\n<p class=\"clamp-txt\"><b>Gro\u00dfz\u00fcgige Stellpl\u00e4tze: Naturerlebnis mit 4-Sterne-Komfort<\/b><br \/>\nW\u00e4hlen Sie Ihren idealen Stellplatz und erleben Sie die Natur hautnah! Ob mit Zelt, Wohnmobil oder Wohnwagen \u2013 Sie finden garantiert den perfekten Ort, oft sogar direkt am Ufer des malerischen Flusses La Beaume. Genie\u00dfen Sie die Weite der unber\u00fchrten Natur und profitieren Sie gleichzeitig von den hochwertigen 4-Sterne-Einrichtungen unseres erstklassigen Campingplatzes in der Ard\u00e8che. Camping auf h\u00f6chstem Niveau, bei dem Komfort und Naturerlebnis Hand in Hand gehen.<\/p>\n<p><a class=\"fusion-button button-flat fusion-button-default-size button-default fusion-button-default-span fusion-button-default-type btn-vert\" href=\"https:\/\/www.arleblanc.com\/de\/unsere-unterkunfte\/unsere-stellplatze\/\"><span class=\"fusion-button-text\">Stellpl\u00e4tze<\/span><\/a><br \/>\n<a class=\"acordeon-link\" href=\"https:\/\/www.arleblanc.com\/de\/unsere-unterkunfte\/unsere-stellplatze\/\">.<\/a><\/div><\/li><li class=\"fusion-li-item\" style=\"\"><span class=\"icon-wrapper circle-no\"><i class=\"fusion-li-icon awb-icon-check\" aria-hidden=\"true\"><\/i><\/span><div class=\"fusion-li-item-content\">\n<h2>Vermietung von Mobilheimen <span class=\"stitle\">auf dem Campingplatz<\/span><\/h2>\n<div class=\"ne-pas-supprimer clamp-bloc-txt\"><b>Unsere Mobilheime: Urlaubskomfort mit 4-Sterne-Flair<\/b>Genie\u00dfen Sie einen unbeschwerten Urlaub in unseren komfortablen und <a href=\"https:\/\/www.arleblanc.com\/de\/unsere-unterkunfte\/unsere-mobilheime\/\">modernen Mobilheimen<\/a>! W\u00e4hlen Sie aus verschiedenen Grundrissen, die ideal f\u00fcr 4 bis 6 Personen geeignet sind und Ihnen pure Entspannung garantieren. Jede Unterkunft ist ein echtes Zuhause. Dazu geh\u00f6rt eine gro\u00dfe, m\u00f6blierte Terrasse, die dazu einl\u00e4dt, die Seele baumeln zu lassen und die Ard\u00e8che-Sonne zu genie\u00dfen. Dank integrierter Heizung und Klimaanlage ist Ihr Mobilheim zudem zu jeder Jahreszeit perfekt temperiert. Wir m\u00f6chten, dass sich jeder Gast wohlf\u00fchlt: Deshalb bieten wir auch speziell barrierefreie Mobilheime an, die s\u00e4mtlichen Komfort f\u00fcr einen rundum unbeschwerten Aufenthalt gew\u00e4hrleisten.<\/div>\n<p><a class=\"fusion-button button-flat fusion-button-default-size button-default fusion-button-default-span fusion-button-default-type btn-bleu\" href=\"https:\/\/www.arleblanc.com\/de\/unsere-unterkunfte\/unsere-mobilheime\/\"><span class=\"fusion-button-text\">Unsere Mobilheime<\/span><\/a><div class=\"menu-mobil-homes-de-container\"><ul id=\"menu-mobil-homes-de\" class=\"menu menu-mh-accordeon\"><li id=\"menu-item-5781\" class=\"menu-item menu-item-type-post_type menu-item-object-page menu-item-5781\"><a href=\"https:\/\/www.arleblanc.com\/de\/unsere-unterkunfte\/unsere-mobilheime\/mobilheime-elegance-2-zimmer\/\">Mobilheime<span class=\"nd\">El\u00e9gance 2 Zimmer<\/span><\/a><\/li>\n<li id=\"menu-item-5780\" class=\"menu-item menu-item-type-post_type menu-item-object-page menu-item-5780\"><a href=\"https:\/\/www.arleblanc.com\/de\/unsere-unterkunfte\/unsere-mobilheime\/mobilheime-elegance-3-zimmer\/\">Mobilheime<span class=\"nd\">El\u00e9gance 3 Zimmer<\/span><\/a><\/li>\n<li id=\"menu-item-5779\" class=\"menu-item menu-item-type-post_type menu-item-object-page menu-item-5779\"><a href=\"https:\/\/www.arleblanc.com\/de\/unsere-unterkunfte\/unsere-mobilheime\/mobilheime-confort-2-zimmer\/\">Mobilheime<span class=\"nd\">Comfort 2 Zimmer<\/span><\/a><\/li>\n<li id=\"menu-item-5778\" class=\"menu-item menu-item-type-post_type menu-item-object-page menu-item-5778\"><a href=\"https:\/\/www.arleblanc.com\/de\/unsere-unterkunfte\/unsere-mobilheime\/mobilheime-confort-3-zimmer\/\">Mobilheime<span class=\"nd\">Comfort 3 Zimmer<\/span><\/a><\/li>\n<li id=\"menu-item-5777\" class=\"menu-item menu-item-type-post_type menu-item-object-page menu-item-5777\"><a href=\"https:\/\/www.arleblanc.com\/de\/unsere-unterkunfte\/unsere-mobilheime\/mobilheime-signature-2026-2-zimmer\/\">Mobilheime<span class=\"nd\">Signature 2026 2 Zimmer<\/span><\/a><\/li>\n<li id=\"menu-item-5776\" class=\"menu-item menu-item-type-post_type menu-item-object-page menu-item-5776\"><a href=\"https:\/\/www.arleblanc.com\/de\/unsere-unterkunfte\/unsere-mobilheime\/mobilheime-signature-2026-3-zimmer\/\">Mobilheime<span class=\"nd\">Signature 2026 3 Zimmer<\/span><\/a><\/li>\n<li id=\"menu-item-5775\" class=\"menu-item menu-item-type-post_type menu-item-object-page menu-item-5775\"><a href=\"https:\/\/www.arleblanc.com\/de\/unsere-unterkunfte\/unsere-mobilheime\/mobilheime-classique-3-zimmer\/\">Mobilheime<span class=\"nd\">Classique 3 Zimmer<\/span><\/a><\/li>\n<li id=\"menu-item-5774\" class=\"menu-item menu-item-type-post_type menu-item-object-page menu-item-5774\"><a href=\"https:\/\/www.arleblanc.com\/de\/unsere-unterkunfte\/unsere-mobilheime\/mobilheim-fur-behinderte-2-zimmern\/\">Mobilheim<span class=\"nd\">f\u00fcr Menschen mit eingeschr\u00e4nkter Mobilit\u00e4t<\/span><\/a><\/li>\n<\/ul><\/div>\n<a class=\"acordeon-link\" href=\"https:\/\/www.arleblanc.com\/de\/unsere-unterkunfte\/unsere-mobilheime\/\">.<\/a><\/div><\/li><li class=\"fusion-li-item\" style=\"\"><span class=\"icon-wrapper circle-no\"><i class=\"fusion-li-icon awb-icon-check\" aria-hidden=\"true\"><\/i><\/span><div class=\"fusion-li-item-content\">\n<h2>Vermietung von G\u00eetes <span class=\"stitle\">in der s\u00fcdlichen Ard\u00e8che<\/span><\/h2>\n<p class=\"clamp-txt\"><b>Ferienh\u00e4user: Traditioneller Stil, moderner Komfort<\/b><br \/>\nHistorischer Charme trifft Komfort: Unsere authentischen G\u00eetes<br \/>\nErleben Sie ein einzigartiges Urlaubserlebnis in einer unserer authentischen <a href=\"https:\/\/www.arleblanc.com\/de\/unsere-unterkunfte\/unsere-ferienwohnungen\/\">G\u00eetes in der Ard\u00e8che<\/a>. In unserem historischen, ehemaligen Bauernhaus gelegen, bieten diese wundersch\u00f6nen Unterk\u00fcnfte eine gelungene Mischung aus regionalem Charme und modernem Wohnkomfort f\u00fcr bis zu vier Personen. Freuen Sie sich auf besondere Annehmlichkeiten, die den Aufenthalt unvergleichlich machen: Genie\u00dfen Sie ein ger\u00e4umiges Wohnzimmer, eine praktische und voll ausgestattete offene K\u00fcche sowie Ihren privaten Balkon, um die Atmosph\u00e4re des Domaine Arleblanc in Ruhe zu genie\u00dfen. Dank Klimaanlage und Heizung ist Ihr Komfort garantiert \u2013 unsere G\u00eetes sind somit zu jeder Jahreszeit perfekt f\u00fcr Ihren Traumurlaub in der Ard\u00e8che.\u00a0 Mindestaufenthalt: 2 N\u00e4chte. Vermietung ganzj\u00e4hrig m\u00f6glich.\u00a0 Unsere\u00a0G\u00eetes\u00a0wurden im Fr\u00fchjahr 2026 renoviert.<\/p>\n<p><a class=\"fusion-button button-flat fusion-button-default-size button-default fusion-button-default-span fusion-button-default-type btn-rose\" href=\"https:\/\/www.arleblanc.com\/de\/unsere-unterkunfte\/unsere-ferienwohnungen\/\"><span class=\"fusion-button-text\">Unsere Ferienwohnungen<\/span><\/a><br \/>\n<a class=\"acordeon-link\" href=\"https:\/\/www.arleblanc.com\/de\/unsere-unterkunfte\/unsere-ferienwohnungen\/\">.<\/a><\/p>\n<\/div><\/li><\/ul><\/div><\/div>\n<\/div><\/div><div class=\"fusion-fullwidth fullwidth-box fusion-builder-row-2 fusion-flex-container has-pattern-background has-mask-background nonhundred-percent-fullwidth non-hundred-percent-height-scrolling\" style=\"--awb-border-radius-top-left:0px;--awb-border-radius-top-right:0px;--awb-border-radius-bottom-right:0px;--awb-border-radius-bottom-left:0px;--awb-flex-wrap:wrap;\" ><div class=\"fusion-builder-row fusion-row fusion-flex-align-items-flex-start fusion-flex-content-wrap\" style=\"max-width:1456px;margin-left: calc(-4% \/ 2 );margin-right: calc(-4% \/ 2 );\"><div class=\"fusion-layout-column fusion_builder_column fusion-builder-column-3 fusion_builder_column_1_2 1_2 fusion-flex-column\" style=\"--awb-bg-size:cover;--awb-width-large:50%;--awb-margin-top-large:0px;--awb-spacing-right-large:3.84%;--awb-margin-bottom-large:20px;--awb-spacing-left-large:3.84%;--awb-width-medium:100%;--awb-order-medium:0;--awb-spacing-right-medium:1.92%;--awb-spacing-left-medium:1.92%;--awb-width-small:100%;--awb-order-small:0;--awb-spacing-right-small:1.92%;--awb-spacing-left-small:1.92%;\"><div class=\"fusion-column-wrapper fusion-column-has-shadow fusion-flex-justify-content-flex-start fusion-content-layout-column\"><div class=\"fusion-title title fusion-title-1 fusion-title-text fusion-title-size-two\"><div class=\"title-sep-container title-sep-container-left fusion-no-large-visibility fusion-no-medium-visibility fusion-no-small-visibility\"><div class=\"title-sep sep-single sep-solid\" style=\"border-color:#d6d4d4;\"><\/div><\/div><span class=\"awb-title-spacer fusion-no-large-visibility fusion-no-medium-visibility fusion-no-small-visibility\"><\/span><h2 class=\"fusion-title-heading title-heading-left\" style=\"margin:0;\">Arleblanc :<span class=\"stitle\">der 4-Sterne-Campingplatz im S\u00fcden der Ard\u00e8che<\/span><\/h2><span class=\"awb-title-spacer\"><\/span><div class=\"title-sep-container title-sep-container-right\"><div class=\"title-sep sep-single sep-solid\" style=\"border-color:#d6d4d4;\"><\/div><\/div><\/div><div class=\"fusion-text fusion-text-3\"><p><b>Camping Arleblanc: Ihre 4-Sterne-Familienoase am Fluss La Beaume<\/b><\/p>\n<p>Entdecken Sie die <strong>atemberaubende Sch\u00f6nheit der Ard\u00e8che<\/strong> auf dem <a href=\"https:\/\/www.arleblanc.com\/de\/\">Campingplatz Arleblanc<\/a> in Rosi\u00e8res. Unser Campingplatz ist eine <strong>gr\u00fcne Oase<\/strong>, eingebettet in die W\u00e4lder und direkt am Ufer des malerischen Flusses La Beaume gelegen. Wir sind das ideale Reiseziel f\u00fcr einen unvergesslichen Urlaub, besonders f\u00fcr <strong>Familien mit Kindern<\/strong>!<\/p>\n<p>Auf unserem 4-Sterne-Campingplatz finden Sie immer die perfekte Unterkunft. W\u00e4hlen Sie aus drei hervorragenden Optionen: ger\u00e4umige Stellpl\u00e4tze, komfortable, voll ausgestattete Mobilheime oder unsere charmanten, authentischen Ferienh\u00e4user (G\u00eetes).<\/p>\n<p>Wir sorgen f\u00fcr einen <strong>entspannten und unbeschwerten Urlaub<\/strong> f\u00fcr alle unsere G\u00e4ste. Wir bieten barrierefreie <a href=\"https:\/\/www.arleblanc.com\/de\/unsere-unterkunfte\/unsere-mobilheime\/\">Mobilheime<\/a> mit allem Komfort, und auch unsere Sanit\u00e4ranlagen sind speziell auf die Bed\u00fcrfnisse von G\u00e4sten mit Behinderungen zugeschnitten.<\/p>\n<p><strong>Buchen Sie jetzt Ihren Urlaub<\/strong> und erleben Sie den Komfort und den nat\u00fcrlichen Charme der s\u00fcdlichen Ard\u00e8che!<\/p>\n<\/div><\/div><\/div><div class=\"fusion-layout-column fusion_builder_column fusion-builder-column-4 fusion_builder_column_1_2 1_2 fusion-flex-column\" style=\"--awb-bg-size:cover;--awb-width-large:50%;--awb-margin-top-large:0px;--awb-spacing-right-large:3.84%;--awb-margin-bottom-large:20px;--awb-spacing-left-large:3.84%;--awb-width-medium:100%;--awb-order-medium:0;--awb-spacing-right-medium:1.92%;--awb-spacing-left-medium:1.92%;--awb-width-small:100%;--awb-order-small:0;--awb-spacing-right-small:1.92%;--awb-spacing-left-small:1.92%;\"><div class=\"fusion-column-wrapper fusion-column-has-shadow fusion-flex-justify-content-flex-start fusion-content-layout-column\"><div class=\"fusion-title title fusion-title-2 fusion-title-text fusion-title-size-two\"><div class=\"title-sep-container title-sep-container-left fusion-no-large-visibility fusion-no-medium-visibility fusion-no-small-visibility\"><div class=\"title-sep sep-single sep-solid\" style=\"border-color:#d6d4d4;\"><\/div><\/div><span class=\"awb-title-spacer fusion-no-large-visibility fusion-no-medium-visibility fusion-no-small-visibility\"><\/span><h2 class=\"fusion-title-heading title-heading-left\" style=\"margin:0;\">Das Herz der Ard\u00e8che<span class=\"stitle\">ihr idyllischer Urlaub am Fluss erwartet Sie<\/span><\/h2><span class=\"awb-title-spacer\"><\/span><div class=\"title-sep-container title-sep-container-right\"><div class=\"title-sep sep-single sep-solid\" style=\"border-color:#d6d4d4;\"><\/div><\/div><\/div><div class=\"fusion-text fusion-text-4\"><p>Auf dem Campingplatz Arleblanc in Rosi\u00e8res wird Ihr Urlaubstraum wahr! Unser 4-Sterne-Campingplatz ist ein <strong>gr\u00fcnes Paradies<\/strong> im Herzen der Ard\u00e8che, umgeben von herrlicher Natur und mit <strong>direktem Zugang zum Fluss La Beaume<\/strong>.<\/p>\n<p>Suchen Sie nach einem <strong>unvergesslichen Familienerlebnis<\/strong>? Dann sind Sie bei uns genau richtig! Camping Arleblanc ist das perfekte Reiseziel f\u00fcr einen <strong>abenteuerlichen und erholsamen Urlaub mit Kindern<\/strong> jeden Alters. Dank unz\u00e4hliger Aktivit\u00e4ten, kinderfreundlicher Einrichtungen und eines lebhaften Kinderclubs wird Ihre Familie gemeinsam eine unvergessliche Zeit erleben.<\/p>\n<p>Wenn Sie einfach nur die wundersch\u00f6ne Landschaft der Ard\u00e8che genie\u00dfen m\u00f6chten, bieten wir Ihnen alles, was Sie f\u00fcr vollkommene Entspannung ben\u00f6tigen: <strong>gro\u00dfz\u00fcgige Stellpl\u00e4tze<\/strong>, komfortable Unterk\u00fcnfte und <strong>erstklassige 4-Sterne-Einrichtungen<\/strong>. Entdecken Sie hier, was eine wahre Idylle bedeutet.<\/p>\n<\/div><\/div><\/div><\/div><\/div><\/p>\n","protected":false},"excerpt":{"rendered":"","protected":false},"author":1,"featured_media":0,"parent":0,"menu_order":0,"comment_status":"closed","ping_status":"closed","template":"100-width.php","meta":{"_acf_changed":false,"footnotes":""},"class_list":["post-4206","page","type-page","status-publish","hentry"],"acf":[],"_links":{"self":[{"href":"https:\/\/www.arleblanc.com\/de\/wp-json\/wp\/v2\/pages\/4206","targetHints":{"allow":["GET"]}}],"collection":[{"href":"https:\/\/www.arleblanc.com\/de\/wp-json\/wp\/v2\/pages"}],"about":[{"href":"https:\/\/www.arleblanc.com\/de\/wp-json\/wp\/v2\/types\/page"}],"author":[{"embeddable":true,"href":"https:\/\/www.arleblanc.com\/de\/wp-json\/wp\/v2\/users\/1"}],"replies":[{"embeddable":true,"href":"https:\/\/www.arleblanc.com\/de\/wp-json\/wp\/v2\/comments?post=4206"}],"version-history":[{"count":3,"href":"https:\/\/www.arleblanc.com\/de\/wp-json\/wp\/v2\/pages\/4206\/revisions"}],"predecessor-version":[{"id":4323,"href":"https:\/\/www.arleblanc.com\/de\/wp-json\/wp\/v2\/pages\/4206\/revisions\/4323"}],"wp:attachment":[{"href":"https:\/\/www.arleblanc.com\/de\/wp-json\/wp\/v2\/media?parent=4206"}],"curies":[{"name":"wp","href":"https:\/\/api.w.org\/{rel}","templated":true}]}}